{"id":186879,"date":"2022-10-03T11:44:48","date_gmt":"2022-10-03T14:44:48","guid":{"rendered":"https:\/\/www.livrariarema.com.br\/loja\/produtos\/sem%20categoria\/jesus-e-john-wayne-kristin-kobes-du-mez\/"},"modified":"2026-02-24T17:09:11","modified_gmt":"2026-02-24T20:09:11","slug":"jesus-e-john-wayne-kristin-kobes-du-mez","status":"publish","type":"product","link":"https:\/\/www.livrariarema.com.br\/loja\/produtos\/promocao\/livros-promocao\/jesus-e-john-wayne-kristin-kobes-du-mez\/","title":{"rendered":"Jesus E John Wayne &#8211; Kristin Kobes Du Mez"},"content":{"rendered":"<p>&#8220;O LIVRO DE DU MEZ \u00c9 URGENTE E NECESS\u00c1RIO NO BRASIL. ESTA OBRA MARAVILHOSA EXIGE CURIOSIDADE E HUMILDADE.&#8221; &#8211; RONILSO PACHECO<\/p>\n<p>Jesus e John Wayne \u00e9 uma historiografia contundente e desconcertante que revisita os \u00faltimos 75 anos do evangelicalismo branco estadunidense &#8211; defini\u00e7\u00e3o que extrapola qualquer autodeclara\u00e7\u00e3o que leve em conta a cor da pele, indicando a ades\u00e3o a um conjunto de ideologias &#8211; e revela como os evang\u00e9licos t\u00eam substitu\u00eddo o humilde Jesus dos Evangelhos por \u00eddolos de masculinidade autorit\u00e1ria e pelo nacionalismo crist\u00e3o.<br \/>\nPara a aclamada historiadora Kristin Kobes Du Mez, o segredo para compreender essa invers\u00e3o \u00e9 reconhecer a centralidade da cultura popular no evangelicalismo dos Estados Unidos. Muitos dos evang\u00e9licos de hoje podem n\u00e3o ser teologicamente instru\u00eddos, mas foram influenciados por uma cultura que idealiza a masculinidade agressiva e militante &#8211; tipo simbolizado por John Wayne, \u00edcone hollywoodiano de um tempo em que os homens n\u00e3o se deixavam intimidar pelo &#8220;politicamente correto&#8221;. Como argumenta Du Mez, tal cultura culminou na defesa de valores que traem o cristianismo, como o patriarcado, o governo autorit\u00e1rio, uma pol\u00edtica externa agressiva, a intoler\u00e2ncia e o racismo.<br \/>\nUm reexame necess\u00e1rio de uma das mais influentes subculturas dos Estados Unidos, Jesus e John Wayne mostra que, longe de abra\u00e7ar princ\u00edpios b\u00edblicos, os evang\u00e9licos brancos modernos recriaram sua f\u00e9 gerando consequ\u00eancias duradouras para toda uma tradi\u00e7\u00e3o. Os insights oferecidos por Du Mez certamente nos fazem olhar com ainda mais cuidado para o cristianismo vivido e pregado tamb\u00e9m no contexto brasileiro.<\/p>\n","protected":false},"excerpt":{"rendered":"<p>&#8220;O LIVRO DE DU MEZ \u00c9 URGENTE E NECESS\u00c1RIO NO BRASIL. ESTA OBRA MARAVILHOSA EXIGE CURIOSIDADE E HUMILDADE.&#8221; &#8211; RONILSO&hellip;<\/p>\n","protected":false},"featured_media":345388,"comment_status":"open","ping_status":"closed","template":"","meta":[],"product_cat":[143,142],"product_tag":[],"_links":{"self":[{"href":"https:\/\/www.livrariarema.com.br\/loja\/wp-json\/wp\/v2\/product\/186879"}],"collection":[{"href":"https:\/\/www.livrariarema.com.br\/loja\/wp-json\/wp\/v2\/product"}],"about":[{"href":"https:\/\/www.livrariarema.com.br\/loja\/wp-json\/wp\/v2\/types\/product"}],"replies":[{"embeddable":true,"href":"https:\/\/www.livrariarema.com.br\/loja\/wp-json\/wp\/v2\/comments?post=186879"}],"wp:featuredmedia":[{"embeddable":true,"href":"https:\/\/www.livrariarema.com.br\/loja\/wp-json\/wp\/v2\/media\/345388"}],"wp:attachment":[{"href":"https:\/\/www.livrariarema.com.br\/loja\/wp-json\/wp\/v2\/media?parent=186879"}],"wp:term":[{"taxonomy":"product_cat","embeddable":true,"href":"https:\/\/www.livrariarema.com.br\/loja\/wp-json\/wp\/v2\/product_cat?post=186879"},{"taxonomy":"product_tag","embeddable":true,"href":"https:\/\/www.livrariarema.com.br\/loja\/wp-json\/wp\/v2\/product_tag?post=186879"}],"curies":[{"name":"wp","href":"https:\/\/api.w.org\/{rel}","templated":true}]}}