{"id":186883,"date":"2022-10-03T11:44:58","date_gmt":"2022-10-03T14:44:58","guid":{"rendered":"https:\/\/www.livrariarema.com.br\/loja\/produtos\/sem categoria\/amor-e-cura-darleide-alves\/"},"modified":"2026-02-24T12:16:14","modified_gmt":"2026-02-24T15:16:14","slug":"amor-e-cura-darleide-alves","status":"publish","type":"product","link":"https:\/\/www.livrariarema.com.br\/loja\/produtos\/livros\/cura-libertacao\/amor-e-cura-darleide-alves\/","title":{"rendered":"Amor E Cura &#8211; Darleide Alves"},"content":{"rendered":"<p>B\u00e1lsamo para cora\u00e7\u00f5es aflitos<\/p>\n<p>Nossa caminhada nem sempre \u00e9 f\u00e1cil. Problemas relacionais, perdas dolorosas, expectativas frustradas&#8230; Nossa mente se perturba e nada parece ter solu\u00e7\u00e3o. Quando os problemas turvam nossa vis\u00e3o, frequentemente nos esquecemos de quem Deus \u00e9 e da nossa identidade nele. \u00c9 hora de nos lembrarmos disso.<br \/>\nEm Amor e cura, Darleide Alves nos desafia a assumir nossa identidade como filhas amadas do Pai. Por meio do sacrif\u00edcio de Jesus, fomos revestidas de gra\u00e7a, de forma que nada mais \u00e9 capaz de nos aprisionar. Assim, o segredo para enfrentar os desafios da vida \u00e9 entender que apenas no amor de Deus encontraremos for\u00e7a e alegria. Mas para isso, \u00e9 necess\u00e1rio ouvir sua voz e permitir que todo nosso ser, do cora\u00e7\u00e3o \u00e0 mente, seja tocado por esse amor.<\/p>\n","protected":false},"excerpt":{"rendered":"<p>B\u00e1lsamo para cora\u00e7\u00f5es aflitos Nossa caminhada nem sempre \u00e9 f\u00e1cil. Problemas relacionais, perdas dolorosas, expectativas frustradas&#8230; Nossa mente se perturba&hellip;<\/p>\n","protected":false},"featured_media":345251,"comment_status":"open","ping_status":"closed","template":"","meta":[],"product_cat":[157,134],"product_tag":[],"_links":{"self":[{"href":"https:\/\/www.livrariarema.com.br\/loja\/wp-json\/wp\/v2\/product\/186883"}],"collection":[{"href":"https:\/\/www.livrariarema.com.br\/loja\/wp-json\/wp\/v2\/product"}],"about":[{"href":"https:\/\/www.livrariarema.com.br\/loja\/wp-json\/wp\/v2\/types\/product"}],"replies":[{"embeddable":true,"href":"https:\/\/www.livrariarema.com.br\/loja\/wp-json\/wp\/v2\/comments?post=186883"}],"wp:featuredmedia":[{"embeddable":true,"href":"https:\/\/www.livrariarema.com.br\/loja\/wp-json\/wp\/v2\/media\/345251"}],"wp:attachment":[{"href":"https:\/\/www.livrariarema.com.br\/loja\/wp-json\/wp\/v2\/media?parent=186883"}],"wp:term":[{"taxonomy":"product_cat","embeddable":true,"href":"https:\/\/www.livrariarema.com.br\/loja\/wp-json\/wp\/v2\/product_cat?post=186883"},{"taxonomy":"product_tag","embeddable":true,"href":"https:\/\/www.livrariarema.com.br\/loja\/wp-json\/wp\/v2\/product_tag?post=186883"}],"curies":[{"name":"wp","href":"https:\/\/api.w.org\/{rel}","templated":true}]}}