{"id":186887,"date":"2022-10-03T11:45:09","date_gmt":"2022-10-03T14:45:09","guid":{"rendered":"https:\/\/www.livrariarema.com.br\/loja\/produtos\/sem categoria\/martires-cristas-rute-salviano-almeida\/"},"modified":"2026-03-04T12:32:41","modified_gmt":"2026-03-04T15:32:41","slug":"martires-cristas-rute-salviano-almeida","status":"publish","type":"product","link":"https:\/\/www.livrariarema.com.br\/loja\/produtos\/livros\/historia\/martires-cristas-rute-salviano-almeida\/","title":{"rendered":"M\u00e1rtires Crist\u00e3s &#8211; Rute Salviano Almeida"},"content":{"rendered":"<p>Um resgate primoroso da mem\u00f3ria de mulheres de Deus que deram a pr\u00f3pria vida por amor ao evangelho de Jesus Cristo.<\/p>\n<p>A partir de uma extensa pesquisa hist\u00f3rica, Rute Salviano Almeida registra a lealdade, resili\u00eancia e devo\u00e7\u00e3o de 24 servas de Deus que deram testemunho de sua fidelidade a Ele com suas pr\u00f3prias vidas. Al\u00e9m de resgatar a mem\u00f3ria dessas hero\u00ednas da f\u00e9, a autora lan\u00e7a luz sobre o mart\u00edrio em raz\u00e3o do amor de Cristo que segue ocorrendo hoje, para que o exemplo dessas mulheres sirva como motiva\u00e7\u00e3o para que ningu\u00e9m jamais se acomode no testemunho de seu amor por Jesus.<\/p>\n<p>A obra conta ainda com imagens e documentos que enriquecem a leitura e ajudam o leitor a refletir como n\u00e3o \u00e9 a morte pelas chamas, espadas ou pelos dentes das feras que une os crist\u00e3os atuais aos m\u00e1rtires da antiguidade, mas a decis\u00e3o inabal\u00e1vel de seguir Jesus a qualquer custo.<\/p>\n","protected":false},"excerpt":{"rendered":"<p>Um resgate primoroso da mem\u00f3ria de mulheres de Deus que deram a pr\u00f3pria vida por amor ao evangelho de Jesus&hellip;<\/p>\n","protected":false},"featured_media":345801,"comment_status":"open","ping_status":"closed","template":"","meta":[],"product_cat":[194,134],"product_tag":[],"_links":{"self":[{"href":"https:\/\/www.livrariarema.com.br\/loja\/wp-json\/wp\/v2\/product\/186887"}],"collection":[{"href":"https:\/\/www.livrariarema.com.br\/loja\/wp-json\/wp\/v2\/product"}],"about":[{"href":"https:\/\/www.livrariarema.com.br\/loja\/wp-json\/wp\/v2\/types\/product"}],"replies":[{"embeddable":true,"href":"https:\/\/www.livrariarema.com.br\/loja\/wp-json\/wp\/v2\/comments?post=186887"}],"wp:featuredmedia":[{"embeddable":true,"href":"https:\/\/www.livrariarema.com.br\/loja\/wp-json\/wp\/v2\/media\/345801"}],"wp:attachment":[{"href":"https:\/\/www.livrariarema.com.br\/loja\/wp-json\/wp\/v2\/media?parent=186887"}],"wp:term":[{"taxonomy":"product_cat","embeddable":true,"href":"https:\/\/www.livrariarema.com.br\/loja\/wp-json\/wp\/v2\/product_cat?post=186887"},{"taxonomy":"product_tag","embeddable":true,"href":"https:\/\/www.livrariarema.com.br\/loja\/wp-json\/wp\/v2\/product_tag?post=186887"}],"curies":[{"name":"wp","href":"https:\/\/api.w.org\/{rel}","templated":true}]}}