{"id":186891,"date":"2022-10-03T11:45:20","date_gmt":"2022-10-03T14:45:20","guid":{"rendered":"https:\/\/www.livrariarema.com.br\/loja\/produtos\/sem%20categoria\/ministerio-cristao-e-espiritualidade-durvalina-bezerra\/"},"modified":"2026-02-25T15:38:56","modified_gmt":"2026-02-25T18:38:56","slug":"ministerio-cristao-e-espiritualidade-durvalina-bezerra","status":"publish","type":"product","link":"https:\/\/www.livrariarema.com.br\/loja\/produtos\/promocao\/livros-promocao\/ministerio-cristao-e-espiritualidade-durvalina-bezerra\/","title":{"rendered":"Minist\u00e9rio Crist\u00e3o E Espiritualidade &#8211; Durvalina Bezerra"},"content":{"rendered":"<p>Construindo uma espiritualidade cada vez mais din\u00e2mica e conectada com as necessidades do nosso tempo<\/p>\n<p>Minist\u00e9rio crist\u00e3o e espiritualidade tem como objetivo estimular o leitor e servir de ferramenta para a constru\u00e7\u00e3o de uma espiritualidade pautada na Palavra de Deus e vivenciada com profundas experi\u00eancias crist\u00e3s, que identifique o compromisso da miss\u00e3o da Igreja de revelar as virtudes do Mestre e dar continuidade \u00e0 sua obra no modelo por ele estabelecido.<\/p>\n<p>&#8220;A espiritualidade que voc\u00ea encontrar\u00e1 neste livro \u00e9 regada pelas experi\u00eancias e pela sabedoria de uma mulher de ora\u00e7\u00e3o, uma guerreira, que nos ensina a como vencer a nossa luta da ora\u00e7\u00e3o sempre nos rendendo a ele e a sua vontade.&#8221; Jonas Madureira, pastor e te\u00f3logo<\/p>\n<p>&#8220;Durvalina segue neste livro o caminho de uma espiritualidade radical, por\u00e9m equilibrada. Uma espiritualidade que segue com os p\u00e9s no ch\u00e3o sem tirar suas m\u00e3os dos c\u00e9us.&#8221; Ricardo Bitun, pastor e te\u00f3logo<\/p>\n","protected":false},"excerpt":{"rendered":"<p>Construindo uma espiritualidade cada vez mais din\u00e2mica e conectada com as necessidades do nosso tempo Minist\u00e9rio crist\u00e3o e espiritualidade tem&hellip;<\/p>\n","protected":false},"featured_media":345443,"comment_status":"open","ping_status":"closed","template":"","meta":[],"product_cat":[143,142],"product_tag":[],"_links":{"self":[{"href":"https:\/\/www.livrariarema.com.br\/loja\/wp-json\/wp\/v2\/product\/186891"}],"collection":[{"href":"https:\/\/www.livrariarema.com.br\/loja\/wp-json\/wp\/v2\/product"}],"about":[{"href":"https:\/\/www.livrariarema.com.br\/loja\/wp-json\/wp\/v2\/types\/product"}],"replies":[{"embeddable":true,"href":"https:\/\/www.livrariarema.com.br\/loja\/wp-json\/wp\/v2\/comments?post=186891"}],"wp:featuredmedia":[{"embeddable":true,"href":"https:\/\/www.livrariarema.com.br\/loja\/wp-json\/wp\/v2\/media\/345443"}],"wp:attachment":[{"href":"https:\/\/www.livrariarema.com.br\/loja\/wp-json\/wp\/v2\/media?parent=186891"}],"wp:term":[{"taxonomy":"product_cat","embeddable":true,"href":"https:\/\/www.livrariarema.com.br\/loja\/wp-json\/wp\/v2\/product_cat?post=186891"},{"taxonomy":"product_tag","embeddable":true,"href":"https:\/\/www.livrariarema.com.br\/loja\/wp-json\/wp\/v2\/product_tag?post=186891"}],"curies":[{"name":"wp","href":"https:\/\/api.w.org\/{rel}","templated":true}]}}