{"id":187237,"date":"2022-10-04T09:52:32","date_gmt":"2022-10-04T12:52:32","guid":{"rendered":"https:\/\/www.livrariarema.com.br\/loja\/produtos\/sem categoria\/quebra-cabeca-12-pecas-em-madeira-colecao-formas\/"},"modified":"2025-12-02T12:35:51","modified_gmt":"2025-12-02T15:35:51","slug":"quebra-cabeca-12-pecas-em-madeira-colecao-formas","status":"publish","type":"product","link":"https:\/\/www.livrariarema.com.br\/loja\/produtos\/diversos\/jogos\/quebra-cabeca-12-pecas-em-madeira-colecao-formas\/","title":{"rendered":"Quebra-Cabe\u00e7a &#8211; 12 Pe\u00e7as Em Madeira &#8211; Cole\u00e7\u00e3o Formas"},"content":{"rendered":"<p>Idade: + 4 anos<br \/>\n12 pe\u00e7as em Madeira<br \/>\n1 modelo por caixa<\/p>\n","protected":false},"excerpt":{"rendered":"<p>Idade: + 4 anos 12 pe\u00e7as em Madeira 1 modelo por caixa<\/p>\n","protected":false},"featured_media":341828,"comment_status":"open","ping_status":"closed","template":"","meta":[],"product_cat":[132,222],"product_tag":[],"_links":{"self":[{"href":"https:\/\/www.livrariarema.com.br\/loja\/wp-json\/wp\/v2\/product\/187237"}],"collection":[{"href":"https:\/\/www.livrariarema.com.br\/loja\/wp-json\/wp\/v2\/product"}],"about":[{"href":"https:\/\/www.livrariarema.com.br\/loja\/wp-json\/wp\/v2\/types\/product"}],"replies":[{"embeddable":true,"href":"https:\/\/www.livrariarema.com.br\/loja\/wp-json\/wp\/v2\/comments?post=187237"}],"wp:featuredmedia":[{"embeddable":true,"href":"https:\/\/www.livrariarema.com.br\/loja\/wp-json\/wp\/v2\/media\/341828"}],"wp:attachment":[{"href":"https:\/\/www.livrariarema.com.br\/loja\/wp-json\/wp\/v2\/media?parent=187237"}],"wp:term":[{"taxonomy":"product_cat","embeddable":true,"href":"https:\/\/www.livrariarema.com.br\/loja\/wp-json\/wp\/v2\/product_cat?post=187237"},{"taxonomy":"product_tag","embeddable":true,"href":"https:\/\/www.livrariarema.com.br\/loja\/wp-json\/wp\/v2\/product_tag?post=187237"}],"curies":[{"name":"wp","href":"https:\/\/api.w.org\/{rel}","templated":true}]}}