{"id":187253,"date":"2022-10-04T09:57:00","date_gmt":"2022-10-04T12:57:00","guid":{"rendered":"https:\/\/www.livrariarema.com.br\/loja\/produtos\/sem categoria\/quebra-cabeca-100-pecas-em-madeira-animais-da-savana-elefante\/"},"modified":"2025-12-02T12:40:21","modified_gmt":"2025-12-02T15:40:21","slug":"quebra-cabeca-100-pecas-em-madeira-animais-da-savana-elefante","status":"publish","type":"product","link":"https:\/\/www.livrariarema.com.br\/loja\/produtos\/diversos\/jogos\/quebra-cabeca-100-pecas-em-madeira-animais-da-savana-elefante\/","title":{"rendered":"Quebra-Cabe\u00e7a &#8211; 100 Pe\u00e7as Em Madeira &#8211; Animais Da Savana &#8211; Elefante"},"content":{"rendered":"<p>100 pe\u00e7as em madeira <br \/>\nTamanho montado: 43 x 29 cm<\/p>\n","protected":false},"excerpt":{"rendered":"<p>100 pe\u00e7as em madeira Tamanho montado: 43 x 29 cm<\/p>\n","protected":false},"featured_media":341869,"comment_status":"open","ping_status":"closed","template":"","meta":[],"product_cat":[132,222],"product_tag":[],"_links":{"self":[{"href":"https:\/\/www.livrariarema.com.br\/loja\/wp-json\/wp\/v2\/product\/187253"}],"collection":[{"href":"https:\/\/www.livrariarema.com.br\/loja\/wp-json\/wp\/v2\/product"}],"about":[{"href":"https:\/\/www.livrariarema.com.br\/loja\/wp-json\/wp\/v2\/types\/product"}],"replies":[{"embeddable":true,"href":"https:\/\/www.livrariarema.com.br\/loja\/wp-json\/wp\/v2\/comments?post=187253"}],"wp:featuredmedia":[{"embeddable":true,"href":"https:\/\/www.livrariarema.com.br\/loja\/wp-json\/wp\/v2\/media\/341869"}],"wp:attachment":[{"href":"https:\/\/www.livrariarema.com.br\/loja\/wp-json\/wp\/v2\/media?parent=187253"}],"wp:term":[{"taxonomy":"product_cat","embeddable":true,"href":"https:\/\/www.livrariarema.com.br\/loja\/wp-json\/wp\/v2\/product_cat?post=187253"},{"taxonomy":"product_tag","embeddable":true,"href":"https:\/\/www.livrariarema.com.br\/loja\/wp-json\/wp\/v2\/product_tag?post=187253"}],"curies":[{"name":"wp","href":"https:\/\/api.w.org\/{rel}","templated":true}]}}