{"id":187396,"date":"2022-10-04T12:24:00","date_gmt":"2022-10-04T15:24:00","guid":{"rendered":"https:\/\/www.livrariarema.com.br\/loja\/produtos\/sem categoria\/mesmo-com-medo-aja-joyce-meyer\/"},"modified":"2026-04-13T11:01:11","modified_gmt":"2026-04-13T14:01:11","slug":"mesmo-com-medo-aja-joyce-meyer","status":"publish","type":"product","link":"https:\/\/www.livrariarema.com.br\/loja\/produtos\/livros\/mulher\/mesmo-com-medo-aja-joyce-meyer\/","title":{"rendered":"Mesmo Com Medo, Aja &#8211; Joyce Meyer"},"content":{"rendered":"<p>O medo \u00e9 a arma favorita entre os ardis que o diabo usa para destruir o bom planos de Deus na sua vida. Ele faz isso para deter voc\u00ea e impedir o seu desenvolvimento  de seu relacionamento, sua carreira \u00e9 sua capacidade de viver e melhor vida que voc\u00ea pode ter.<\/p>\n","protected":false},"excerpt":{"rendered":"<p>O medo \u00e9 a arma favorita entre os ardis que o diabo usa para destruir o bom planos de Deus&hellip;<\/p>\n","protected":false},"featured_media":339380,"comment_status":"open","ping_status":"closed","template":"","meta":[],"product_cat":[134,170],"product_tag":[],"_links":{"self":[{"href":"https:\/\/www.livrariarema.com.br\/loja\/wp-json\/wp\/v2\/product\/187396"}],"collection":[{"href":"https:\/\/www.livrariarema.com.br\/loja\/wp-json\/wp\/v2\/product"}],"about":[{"href":"https:\/\/www.livrariarema.com.br\/loja\/wp-json\/wp\/v2\/types\/product"}],"replies":[{"embeddable":true,"href":"https:\/\/www.livrariarema.com.br\/loja\/wp-json\/wp\/v2\/comments?post=187396"}],"wp:featuredmedia":[{"embeddable":true,"href":"https:\/\/www.livrariarema.com.br\/loja\/wp-json\/wp\/v2\/media\/339380"}],"wp:attachment":[{"href":"https:\/\/www.livrariarema.com.br\/loja\/wp-json\/wp\/v2\/media?parent=187396"}],"wp:term":[{"taxonomy":"product_cat","embeddable":true,"href":"https:\/\/www.livrariarema.com.br\/loja\/wp-json\/wp\/v2\/product_cat?post=187396"},{"taxonomy":"product_tag","embeddable":true,"href":"https:\/\/www.livrariarema.com.br\/loja\/wp-json\/wp\/v2\/product_tag?post=187396"}],"curies":[{"name":"wp","href":"https:\/\/api.w.org\/{rel}","templated":true}]}}