{"id":188572,"date":"2022-10-07T14:59:14","date_gmt":"2022-10-07T17:59:14","guid":{"rendered":"https:\/\/www.livrariarema.com.br\/loja\/produtos\/sem categoria\/fe-para-viver-devocional-diario-carlito-paes\/"},"modified":"2026-02-05T11:22:05","modified_gmt":"2026-02-05T14:22:05","slug":"fe-para-viver-devocional-diario-carlito-paes","status":"publish","type":"product","link":"https:\/\/www.livrariarema.com.br\/loja\/produtos\/livros\/devocional\/fe-para-viver-devocional-diario-carlito-paes\/","title":{"rendered":"F\u00e9 Para Viver &#8211; Devocional Di\u00e1rio &#8211; Carlito Paes"},"content":{"rendered":"<p>A F\u00e9 \u00e9 um elemento essencial na vida de todo crist\u00e3o. Por meio dela, cremos que Deus existe e cremos em Seu poderoso agir; por meio dela, somos salvos em Cristo Jesus e, enquanto aguardamos a Sua vinda, realizamos as obras as quais o Pai nos chamou. O devocional F\u00e9 para Viver, ajudar\u00e1 voc\u00ea a, diariamente, alimentar a sua f\u00e9 em Deus, em Sua Palavra e em Seu poder, de modo que voc\u00ea entenda, sem d\u00favidas ou distra\u00e7\u00f5es, qual \u00e9 a perfeita vontade de Deus para sua vida e, assim, persevere agradando o cora\u00e7\u00e3o do Pai.<\/p>\n","protected":false},"excerpt":{"rendered":"<p>A F\u00e9 \u00e9 um elemento essencial na vida de todo crist\u00e3o. Por meio dela, cremos que Deus existe e cremos&hellip;<\/p>\n","protected":false},"featured_media":331969,"comment_status":"open","ping_status":"closed","template":"","meta":[],"product_cat":[158,134],"product_tag":[],"_links":{"self":[{"href":"https:\/\/www.livrariarema.com.br\/loja\/wp-json\/wp\/v2\/product\/188572"}],"collection":[{"href":"https:\/\/www.livrariarema.com.br\/loja\/wp-json\/wp\/v2\/product"}],"about":[{"href":"https:\/\/www.livrariarema.com.br\/loja\/wp-json\/wp\/v2\/types\/product"}],"replies":[{"embeddable":true,"href":"https:\/\/www.livrariarema.com.br\/loja\/wp-json\/wp\/v2\/comments?post=188572"}],"wp:featuredmedia":[{"embeddable":true,"href":"https:\/\/www.livrariarema.com.br\/loja\/wp-json\/wp\/v2\/media\/331969"}],"wp:attachment":[{"href":"https:\/\/www.livrariarema.com.br\/loja\/wp-json\/wp\/v2\/media?parent=188572"}],"wp:term":[{"taxonomy":"product_cat","embeddable":true,"href":"https:\/\/www.livrariarema.com.br\/loja\/wp-json\/wp\/v2\/product_cat?post=188572"},{"taxonomy":"product_tag","embeddable":true,"href":"https:\/\/www.livrariarema.com.br\/loja\/wp-json\/wp\/v2\/product_tag?post=188572"}],"curies":[{"name":"wp","href":"https:\/\/api.w.org\/{rel}","templated":true}]}}