{"id":189203,"date":"2022-10-10T19:15:00","date_gmt":"2022-10-10T22:15:00","guid":{"rendered":"https:\/\/www.livrariarema.com.br\/loja\/produtos\/sem categoria\/medalha-de-papel-a-talitha-pereira\/"},"modified":"2025-07-08T07:37:19","modified_gmt":"2025-07-08T10:37:19","slug":"medalha-de-papel-a-talitha-pereira","status":"publish","type":"product","link":"https:\/\/www.livrariarema.com.br\/loja\/produtos\/livros\/infantil\/medalha-de-papel-a-talitha-pereira\/","title":{"rendered":"Medalha De Papel, A &#8211; Talitha Pereira"},"content":{"rendered":"<p>Bento \u00e9 um campe\u00e3o de nata\u00e7\u00e3o que coleciona medalhas. Al\u00e9m de ser um super campe\u00e3o, Bento tinha uma super torcida: sua fam\u00edlia, seus vizinhos, seus amigos de escola&#8230; Ele era muito amado; n\u00e3o apenas por seu talento, mas por ser um menino doce e humilde. At\u00e9 que um dia Bento deixou o orgulho e entrar no seu cora\u00e7\u00e3o, e adivinhe? Quase perdeu toda sua torcida e suas medalhas. Quer saber como Bento fez as pazes com sua torcida e voltou a ser um campe\u00e3o? Ent\u00e3o voc\u00ea precisa ler essa est\u00f3ria.<\/p>\n","protected":false},"excerpt":{"rendered":"<p>Bento \u00e9 um campe\u00e3o de nata\u00e7\u00e3o que coleciona medalhas. Al\u00e9m de ser um super campe\u00e3o, Bento tinha uma super torcida:&hellip;<\/p>\n","protected":false},"featured_media":305438,"comment_status":"open","ping_status":"closed","template":"","meta":[],"product_cat":[144,134],"product_tag":[],"_links":{"self":[{"href":"https:\/\/www.livrariarema.com.br\/loja\/wp-json\/wp\/v2\/product\/189203"}],"collection":[{"href":"https:\/\/www.livrariarema.com.br\/loja\/wp-json\/wp\/v2\/product"}],"about":[{"href":"https:\/\/www.livrariarema.com.br\/loja\/wp-json\/wp\/v2\/types\/product"}],"replies":[{"embeddable":true,"href":"https:\/\/www.livrariarema.com.br\/loja\/wp-json\/wp\/v2\/comments?post=189203"}],"wp:featuredmedia":[{"embeddable":true,"href":"https:\/\/www.livrariarema.com.br\/loja\/wp-json\/wp\/v2\/media\/305438"}],"wp:attachment":[{"href":"https:\/\/www.livrariarema.com.br\/loja\/wp-json\/wp\/v2\/media?parent=189203"}],"wp:term":[{"taxonomy":"product_cat","embeddable":true,"href":"https:\/\/www.livrariarema.com.br\/loja\/wp-json\/wp\/v2\/product_cat?post=189203"},{"taxonomy":"product_tag","embeddable":true,"href":"https:\/\/www.livrariarema.com.br\/loja\/wp-json\/wp\/v2\/product_tag?post=189203"}],"curies":[{"name":"wp","href":"https:\/\/api.w.org\/{rel}","templated":true}]}}