{"id":189207,"date":"2022-10-10T19:15:10","date_gmt":"2022-10-10T22:15:10","guid":{"rendered":"https:\/\/www.livrariarema.com.br\/loja\/produtos\/sem categoria\/ao-infinito-e-alem-talitha-pereira\/"},"modified":"2026-01-09T14:30:43","modified_gmt":"2026-01-09T17:30:43","slug":"ao-infinito-e-alem-talitha-pereira","status":"publish","type":"product","link":"https:\/\/www.livrariarema.com.br\/loja\/produtos\/livros\/infantil\/ao-infinito-e-alem-talitha-pereira\/","title":{"rendered":"Ao Infinito E Al\u00e9m &#8211; Talitha Pereira"},"content":{"rendered":"<p>Juca \u00e9 um menino de cabelo ruivo, sardinhas no rosto e usa grandes \u00f3culos redondos. Apesar de chamar aten\u00e7\u00e3o por onde passava, ele era muito t\u00edmido e por conta disso, quase n\u00e3o tinha amigos. Juca se sentia incapaz de qualquer coisa porque vivia uma realidade que muitas crian\u00e7as enfrentam: o bullying. Mas um dia ele encontra uma amizade verdadeira: El\u00f4. E os dois superam um desafio gigante juntos. Um desafio que os levou ao infinito e al\u00e9m.<\/p>\n","protected":false},"excerpt":{"rendered":"<p>Juca \u00e9 um menino de cabelo ruivo, sardinhas no rosto e usa grandes \u00f3culos redondos. Apesar de chamar aten\u00e7\u00e3o por&hellip;<\/p>\n","protected":false},"featured_media":305439,"comment_status":"open","ping_status":"closed","template":"","meta":[],"product_cat":[144,134],"product_tag":[],"_links":{"self":[{"href":"https:\/\/www.livrariarema.com.br\/loja\/wp-json\/wp\/v2\/product\/189207"}],"collection":[{"href":"https:\/\/www.livrariarema.com.br\/loja\/wp-json\/wp\/v2\/product"}],"about":[{"href":"https:\/\/www.livrariarema.com.br\/loja\/wp-json\/wp\/v2\/types\/product"}],"replies":[{"embeddable":true,"href":"https:\/\/www.livrariarema.com.br\/loja\/wp-json\/wp\/v2\/comments?post=189207"}],"wp:featuredmedia":[{"embeddable":true,"href":"https:\/\/www.livrariarema.com.br\/loja\/wp-json\/wp\/v2\/media\/305439"}],"wp:attachment":[{"href":"https:\/\/www.livrariarema.com.br\/loja\/wp-json\/wp\/v2\/media?parent=189207"}],"wp:term":[{"taxonomy":"product_cat","embeddable":true,"href":"https:\/\/www.livrariarema.com.br\/loja\/wp-json\/wp\/v2\/product_cat?post=189207"},{"taxonomy":"product_tag","embeddable":true,"href":"https:\/\/www.livrariarema.com.br\/loja\/wp-json\/wp\/v2\/product_tag?post=189207"}],"curies":[{"name":"wp","href":"https:\/\/api.w.org\/{rel}","templated":true}]}}