{"id":189209,"date":"2022-10-10T19:15:15","date_gmt":"2022-10-10T22:15:15","guid":{"rendered":"https:\/\/www.livrariarema.com.br\/loja\/produtos\/sem%20categoria\/rei-do-semaforo-o-talitha-pereira\/"},"modified":"2024-08-05T11:17:15","modified_gmt":"2024-08-05T14:17:15","slug":"rei-do-semaforo-o-talitha-pereira","status":"publish","type":"product","link":"https:\/\/www.livrariarema.com.br\/loja\/produtos\/livros\/infantil\/rei-do-semaforo-o-talitha-pereira\/","title":{"rendered":"Rei Do Sem\u00e1foro, O &#8211; Talitha Pereira"},"content":{"rendered":"<p>Marquito \u00e9 um menino de bom cora\u00e7\u00e3o. Ele tinha muitas virtudes, mas o seu cora\u00e7\u00e3o foi picado pelo bichinho da ingratid\u00e3o. Ele \u00e9 filho de Ben\u00e9; um cara gente boa que trabalha vendendo \u00e1gua no sem\u00e1foro e \u00e9 t\u00e3o querido pelas pessoas, que \u00e9 conhecido como &#8220;o rei do sem\u00e1foro&#8221;. Certo dia, Marquito vive uma experi\u00eancia com seu pai, que transforma seu cora\u00e7\u00e3o para sempre. Voc\u00ea conhece alguma crian\u00e7a que reclama muito? Ent\u00e3o ela precisa conhecer essa est\u00f3ria e aprender com Marquito como fazer diferente.<\/p>\n","protected":false},"excerpt":{"rendered":"<p>Marquito \u00e9 um menino de bom cora\u00e7\u00e3o. Ele tinha muitas virtudes, mas o seu cora\u00e7\u00e3o foi picado pelo bichinho da&hellip;<\/p>\n","protected":false},"featured_media":308846,"comment_status":"open","ping_status":"closed","template":"","meta":[],"product_cat":[144,134],"product_tag":[],"_links":{"self":[{"href":"https:\/\/www.livrariarema.com.br\/loja\/wp-json\/wp\/v2\/product\/189209"}],"collection":[{"href":"https:\/\/www.livrariarema.com.br\/loja\/wp-json\/wp\/v2\/product"}],"about":[{"href":"https:\/\/www.livrariarema.com.br\/loja\/wp-json\/wp\/v2\/types\/product"}],"replies":[{"embeddable":true,"href":"https:\/\/www.livrariarema.com.br\/loja\/wp-json\/wp\/v2\/comments?post=189209"}],"wp:featuredmedia":[{"embeddable":true,"href":"https:\/\/www.livrariarema.com.br\/loja\/wp-json\/wp\/v2\/media\/308846"}],"wp:attachment":[{"href":"https:\/\/www.livrariarema.com.br\/loja\/wp-json\/wp\/v2\/media?parent=189209"}],"wp:term":[{"taxonomy":"product_cat","embeddable":true,"href":"https:\/\/www.livrariarema.com.br\/loja\/wp-json\/wp\/v2\/product_cat?post=189209"},{"taxonomy":"product_tag","embeddable":true,"href":"https:\/\/www.livrariarema.com.br\/loja\/wp-json\/wp\/v2\/product_tag?post=189209"}],"curies":[{"name":"wp","href":"https:\/\/api.w.org\/{rel}","templated":true}]}}