{"id":189717,"date":"2022-10-13T16:21:48","date_gmt":"2022-10-13T19:21:48","guid":{"rendered":"https:\/\/www.livrariarema.com.br\/loja\/produtos\/sem%20categoria\/desafio-de-amar-dia-a-dia\/"},"modified":"2026-02-23T15:41:21","modified_gmt":"2026-02-23T18:41:21","slug":"desafio-de-amar-dia-a-dia","status":"publish","type":"product","link":"https:\/\/www.livrariarema.com.br\/loja\/produtos\/livros\/devocional\/desafio-de-amar-dia-a-dia\/","title":{"rendered":"Desafio De Amar &#8211; Dia A Dia"},"content":{"rendered":"<p>O Desafio de Amar &#8211; Dia a Dia \u00e9 um livro que fala de circunst\u00e2ncias vividas no cotidiano de um casamento, todas as dificuldades que um casal encontra na vida matrimonial. O livro se prop\u00f5e a instruir atrav\u00e9s de desafios di\u00e1rios como lidar com os problemas mais complexos de um casamento como: di\u00e1logo, sexo, dinheiro, ci\u00fame&#8230; A obra \u00e9 um desafio de um ano para maridos e mulheres que buscam entender e praticar o amor incondicional que a palavra de Deus ensina. Esta \u00e9 uma ferramenta que o ajudar\u00e1 a fortalecer e solidificar seu casamento. Aprenda amar a cada dia, essa \u00e9 a ess\u00eancia do verdadeiro amor.<\/p>\n","protected":false},"excerpt":{"rendered":"<p>O Desafio de Amar &#8211; Dia a Dia \u00e9 um livro que fala de circunst\u00e2ncias vividas no cotidiano de um&hellip;<\/p>\n","protected":false},"featured_media":345167,"comment_status":"open","ping_status":"closed","template":"","meta":[],"product_cat":[158,134],"product_tag":[],"_links":{"self":[{"href":"https:\/\/www.livrariarema.com.br\/loja\/wp-json\/wp\/v2\/product\/189717"}],"collection":[{"href":"https:\/\/www.livrariarema.com.br\/loja\/wp-json\/wp\/v2\/product"}],"about":[{"href":"https:\/\/www.livrariarema.com.br\/loja\/wp-json\/wp\/v2\/types\/product"}],"replies":[{"embeddable":true,"href":"https:\/\/www.livrariarema.com.br\/loja\/wp-json\/wp\/v2\/comments?post=189717"}],"wp:featuredmedia":[{"embeddable":true,"href":"https:\/\/www.livrariarema.com.br\/loja\/wp-json\/wp\/v2\/media\/345167"}],"wp:attachment":[{"href":"https:\/\/www.livrariarema.com.br\/loja\/wp-json\/wp\/v2\/media?parent=189717"}],"wp:term":[{"taxonomy":"product_cat","embeddable":true,"href":"https:\/\/www.livrariarema.com.br\/loja\/wp-json\/wp\/v2\/product_cat?post=189717"},{"taxonomy":"product_tag","embeddable":true,"href":"https:\/\/www.livrariarema.com.br\/loja\/wp-json\/wp\/v2\/product_tag?post=189717"}],"curies":[{"name":"wp","href":"https:\/\/api.w.org\/{rel}","templated":true}]}}