{"id":190274,"date":"2022-10-17T16:09:42","date_gmt":"2022-10-17T19:09:42","guid":{"rendered":"https:\/\/www.livrariarema.com.br\/loja\/produtos\/sem categoria\/biblia-king-james-fiel-1611-biblia-de-estudo-para-mulheres-mulher-guiada-pelo-espirito-capa-dura\/"},"modified":"2026-02-23T15:47:46","modified_gmt":"2026-02-23T18:47:46","slug":"biblia-king-james-fiel-1611-biblia-de-estudo-para-mulheres-mulher-guiada-pelo-espirito-capa-dura","status":"publish","type":"product","link":"https:\/\/www.livrariarema.com.br\/loja\/produtos\/biblias\/estudo-feminina\/biblia-king-james-fiel-1611-biblia-de-estudo-para-mulheres-mulher-guiada-pelo-espirito-capa-dura\/","title":{"rendered":"B\u00edblia King James Fiel 1611 &#8211; Biblia De Estudo Para Mulheres Mulher Guiada Pelo Esp\u00edrito &#8211; Capa Dura"},"content":{"rendered":"<p>A B\u00edblia de estudo para mulheres &#8211; BKJ 1611 \u00e9 um devocional.<\/p>\n<p>O cerne dessa obra se estende por suas p\u00e1ginas de encorajamento e impacto em cumprir os planos de deus. O estudo se baseia em um plano de a\u00e7\u00e3o contendo regras as quais possuem a fonte em uma passagem b\u00edblica espec\u00edfica &#8211; prepara\u00e7\u00e3o para o estudo. Est\u00e3o artigos de ensinamento, testemunhos sobre o poder de Deus, perfis de mulheres sobre o passado e o presente na caminhada de fazer a diferen\u00e7a no reino.<\/p>\n<p>A b\u00edblia possui textos na vers\u00e3o da B\u00edblia King James 1611, lan\u00e7ada pela bvbooks.<\/p>\n<p>&#8211; Os elementos de ensino adicionais s\u00e3o escritos no tempo verbal presente de modo que seu impacto venha ao encontro da vida da leitora no momento de estudar a palavra e os ensinamentos.<br \/>\n&#8211; Ao mesmo tempo, onde o pronome inclusivo s\u00e3o frequentemente usados para envolver a leitora, o pronome voc\u00ea, sempre que poss\u00edvel, \u00e9 usado a fim de confrontar e envolver a leitora com o impacto do ensinamento.<br \/>\n&#8211; Traz um novo e revolucion\u00e1rio projeto de identifica\u00e7\u00e3o das palavras de Deus, Jesus e do Esp\u00edrito Santo, destacando alguns vers\u00edculos em vermelho.<\/p>\n","protected":false},"excerpt":{"rendered":"<p>A B\u00edblia de estudo para mulheres &#8211; BKJ 1611 \u00e9 um devocional. O cerne dessa obra se estende por suas&hellip;<\/p>\n","protected":false},"featured_media":345200,"comment_status":"open","ping_status":"closed","template":"","meta":[],"product_cat":[139,175],"product_tag":[],"_links":{"self":[{"href":"https:\/\/www.livrariarema.com.br\/loja\/wp-json\/wp\/v2\/product\/190274"}],"collection":[{"href":"https:\/\/www.livrariarema.com.br\/loja\/wp-json\/wp\/v2\/product"}],"about":[{"href":"https:\/\/www.livrariarema.com.br\/loja\/wp-json\/wp\/v2\/types\/product"}],"replies":[{"embeddable":true,"href":"https:\/\/www.livrariarema.com.br\/loja\/wp-json\/wp\/v2\/comments?post=190274"}],"wp:featuredmedia":[{"embeddable":true,"href":"https:\/\/www.livrariarema.com.br\/loja\/wp-json\/wp\/v2\/media\/345200"}],"wp:attachment":[{"href":"https:\/\/www.livrariarema.com.br\/loja\/wp-json\/wp\/v2\/media?parent=190274"}],"wp:term":[{"taxonomy":"product_cat","embeddable":true,"href":"https:\/\/www.livrariarema.com.br\/loja\/wp-json\/wp\/v2\/product_cat?post=190274"},{"taxonomy":"product_tag","embeddable":true,"href":"https:\/\/www.livrariarema.com.br\/loja\/wp-json\/wp\/v2\/product_tag?post=190274"}],"curies":[{"name":"wp","href":"https:\/\/api.w.org\/{rel}","templated":true}]}}