{"id":190975,"date":"2022-10-20T10:50:16","date_gmt":"2022-10-20T13:50:16","guid":{"rendered":"https:\/\/www.livrariarema.com.br\/loja\/produtos\/sem categoria\/biblia-nvi-letra-jumbo-capa-dura-leao-rei\/"},"modified":"2026-02-23T10:52:57","modified_gmt":"2026-02-23T13:52:57","slug":"biblia-nvi-letra-jumbo-capa-dura-leao-rei","status":"publish","type":"product","link":"https:\/\/www.livrariarema.com.br\/loja\/produtos\/biblias\/nvi\/biblia-nvi-letra-jumbo-capa-dura-leao-rei\/","title":{"rendered":"B\u00edblia &#8211; Nvi &#8211; Letra Jumbo &#8211; Capa Dura &#8211; Le\u00e3o Rei"},"content":{"rendered":"<p>B\u00edblia Sagrada, com a vers\u00e3o NVI (Nova Vers\u00e3o Internacional). Uma das mais modernas tradu\u00e7\u00f5es que valoriza a clareza do texto, permanecendo fiel aos Escritos originais. Proporciona ao leitor uma linguagem mais atual e fluente. Incluindo panorama b\u00edblico e mapas. O projeto de tradu\u00e7\u00e3o para a l\u00edngua portuguesa come\u00e7ou em 2000, a partir de uma reuni\u00e3o da comiss\u00e3o da Sociedade B\u00edblica Internacional. Um grupo formado por respeitados estudiosos brasileiros e de outros pa\u00edses foi reunido para produzi-la.<\/p>\n<p>Este projeto durou quase uma d\u00e9cada. Muitos acham que \u00e9 apenas uma tradu\u00e7\u00e3o da americana, por\u00e9m erram ao pensar assim, pois a vers\u00e3o em portugu\u00eas foi feita no Brasil. O prop\u00f3sito dos idealizadores da NVI foi fazer um texto que se definisse por quatro elementos: precis\u00e3o, clareza, beleza de estilo e dignidade. Com uma linguagem clara e mais pr\u00f3xima da atualidade, sem perder a beleza do estilo da linguagem b\u00edblica. Cercada de elogios por conta do compromisso que conseguiu manter com os Escritos originais, esta vers\u00e3o da B\u00edblia j\u00e1 vendeu milh\u00f5es de exemplares nos \u00faltimos anos, e vem se popularizando cada vez mais.<\/p>\n","protected":false},"excerpt":{"rendered":"<p>B\u00edblia Sagrada, com a vers\u00e3o NVI (Nova Vers\u00e3o Internacional). Uma das mais modernas tradu\u00e7\u00f5es que valoriza a clareza do texto,&hellip;<\/p>\n","protected":false},"featured_media":191602,"comment_status":"open","ping_status":"closed","template":"","meta":[],"product_cat":[139,166],"product_tag":[],"_links":{"self":[{"href":"https:\/\/www.livrariarema.com.br\/loja\/wp-json\/wp\/v2\/product\/190975"}],"collection":[{"href":"https:\/\/www.livrariarema.com.br\/loja\/wp-json\/wp\/v2\/product"}],"about":[{"href":"https:\/\/www.livrariarema.com.br\/loja\/wp-json\/wp\/v2\/types\/product"}],"replies":[{"embeddable":true,"href":"https:\/\/www.livrariarema.com.br\/loja\/wp-json\/wp\/v2\/comments?post=190975"}],"wp:featuredmedia":[{"embeddable":true,"href":"https:\/\/www.livrariarema.com.br\/loja\/wp-json\/wp\/v2\/media\/191602"}],"wp:attachment":[{"href":"https:\/\/www.livrariarema.com.br\/loja\/wp-json\/wp\/v2\/media?parent=190975"}],"wp:term":[{"taxonomy":"product_cat","embeddable":true,"href":"https:\/\/www.livrariarema.com.br\/loja\/wp-json\/wp\/v2\/product_cat?post=190975"},{"taxonomy":"product_tag","embeddable":true,"href":"https:\/\/www.livrariarema.com.br\/loja\/wp-json\/wp\/v2\/product_tag?post=190975"}],"curies":[{"name":"wp","href":"https:\/\/api.w.org\/{rel}","templated":true}]}}