{"id":191159,"date":"2022-10-20T16:19:57","date_gmt":"2022-10-20T19:19:57","guid":{"rendered":"https:\/\/www.livrariarema.com.br\/loja\/produtos\/sem categoria\/pasta-aba-elastico-oficio-lombada-4cm-dac-economica-transparente\/"},"modified":"2024-09-16T19:12:10","modified_gmt":"2024-09-16T22:12:10","slug":"pasta-aba-elastico-oficio-lombada-4cm-dac-economica-transparente","status":"publish","type":"product","link":"https:\/\/www.livrariarema.com.br\/loja\/produtos\/papelaria\/pasta\/pasta-aba-elastico-oficio-lombada-4cm-dac-economica-transparente\/","title":{"rendered":"Pasta Aba El\u00e1stico Oficio Lombada 4Cm &#8211; Dac &#8211; Econ\u00f4mica &#8211; Transparente"},"content":{"rendered":"<p>A pasta aba el\u00e1stica \u00e9 resistente, leve e de grande durabilidade. Ideal para uso escolar, profissional e outras aplica\u00e7\u00f5es. Organize seus documentos de maneira pr\u00e1tica garantindo um bom estado de conserva\u00e7\u00e3o, garantindo seus documentos e pap\u00e9is em \u00f3timo estado!<\/p>\n","protected":false},"excerpt":{"rendered":"<p>A pasta aba el\u00e1stica \u00e9 resistente, leve e de grande durabilidade. Ideal para uso escolar, profissional e outras aplica\u00e7\u00f5es. Organize&hellip;<\/p>\n","protected":false},"featured_media":289652,"comment_status":"open","ping_status":"closed","template":"","meta":[],"product_cat":[215,260],"product_tag":[],"_links":{"self":[{"href":"https:\/\/www.livrariarema.com.br\/loja\/wp-json\/wp\/v2\/product\/191159"}],"collection":[{"href":"https:\/\/www.livrariarema.com.br\/loja\/wp-json\/wp\/v2\/product"}],"about":[{"href":"https:\/\/www.livrariarema.com.br\/loja\/wp-json\/wp\/v2\/types\/product"}],"replies":[{"embeddable":true,"href":"https:\/\/www.livrariarema.com.br\/loja\/wp-json\/wp\/v2\/comments?post=191159"}],"wp:featuredmedia":[{"embeddable":true,"href":"https:\/\/www.livrariarema.com.br\/loja\/wp-json\/wp\/v2\/media\/289652"}],"wp:attachment":[{"href":"https:\/\/www.livrariarema.com.br\/loja\/wp-json\/wp\/v2\/media?parent=191159"}],"wp:term":[{"taxonomy":"product_cat","embeddable":true,"href":"https:\/\/www.livrariarema.com.br\/loja\/wp-json\/wp\/v2\/product_cat?post=191159"},{"taxonomy":"product_tag","embeddable":true,"href":"https:\/\/www.livrariarema.com.br\/loja\/wp-json\/wp\/v2\/product_tag?post=191159"}],"curies":[{"name":"wp","href":"https:\/\/api.w.org\/{rel}","templated":true}]}}