{"id":191274,"date":"2022-10-20T17:49:11","date_gmt":"2022-10-20T20:49:11","guid":{"rendered":"https:\/\/www.livrariarema.com.br\/loja\/produtos\/sem categoria\/biblia-infantil-me-ensina-a-palavra-jared-kennedy\/"},"modified":"2026-02-17T10:50:50","modified_gmt":"2026-02-17T13:50:50","slug":"biblia-infantil-me-ensina-a-palavra-jared-kennedy","status":"publish","type":"product","link":"https:\/\/www.livrariarema.com.br\/loja\/produtos\/livros\/infantil-biblia\/biblia-infantil-me-ensina-a-palavra-jared-kennedy\/","title":{"rendered":"B\u00edblia Infantil Me Ensina A Palavra &#8211; Jared Kennedy"},"content":{"rendered":"<p>B\u00edblia INFANTIL ME ENSINA A PALAVRA cont\u00e9m 52 hist\u00f3rias b\u00edblicas centradas na mensagem do Evangelho para crian\u00e7as em idade pr\u00e9-escolar, recontadas de um jeito simples e atraente. Por meio das hist\u00f3rias do Antigo e do Novo Testamento, o autor demonstra como Deus cumpre suas promessas de formas surpreendentes, melhor do que poder\u00edamos pensar ou imaginar.<\/p>\n","protected":false},"excerpt":{"rendered":"<p>B\u00edblia INFANTIL ME ENSINA A PALAVRA cont\u00e9m 52 hist\u00f3rias b\u00edblicas centradas na mensagem do Evangelho para crian\u00e7as em idade pr\u00e9-escolar,&hellip;<\/p>\n","protected":false},"featured_media":333251,"comment_status":"open","ping_status":"closed","template":"","meta":[],"product_cat":[165,134],"product_tag":[],"_links":{"self":[{"href":"https:\/\/www.livrariarema.com.br\/loja\/wp-json\/wp\/v2\/product\/191274"}],"collection":[{"href":"https:\/\/www.livrariarema.com.br\/loja\/wp-json\/wp\/v2\/product"}],"about":[{"href":"https:\/\/www.livrariarema.com.br\/loja\/wp-json\/wp\/v2\/types\/product"}],"replies":[{"embeddable":true,"href":"https:\/\/www.livrariarema.com.br\/loja\/wp-json\/wp\/v2\/comments?post=191274"}],"wp:featuredmedia":[{"embeddable":true,"href":"https:\/\/www.livrariarema.com.br\/loja\/wp-json\/wp\/v2\/media\/333251"}],"wp:attachment":[{"href":"https:\/\/www.livrariarema.com.br\/loja\/wp-json\/wp\/v2\/media?parent=191274"}],"wp:term":[{"taxonomy":"product_cat","embeddable":true,"href":"https:\/\/www.livrariarema.com.br\/loja\/wp-json\/wp\/v2\/product_cat?post=191274"},{"taxonomy":"product_tag","embeddable":true,"href":"https:\/\/www.livrariarema.com.br\/loja\/wp-json\/wp\/v2\/product_tag?post=191274"}],"curies":[{"name":"wp","href":"https:\/\/api.w.org\/{rel}","templated":true}]}}