{"id":191278,"date":"2022-10-20T17:49:20","date_gmt":"2022-10-20T20:49:20","guid":{"rendered":"https:\/\/www.livrariarema.com.br\/loja\/produtos\/sem categoria\/biblia-anote-nvi-espiral-maquina-de-escrever\/"},"modified":"2026-01-15T15:50:56","modified_gmt":"2026-01-15T18:50:56","slug":"biblia-anote-nvi-espiral-maquina-de-escrever","status":"publish","type":"product","link":"https:\/\/www.livrariarema.com.br\/loja\/produtos\/biblias\/nvi\/biblia-anote-nvi-espiral-maquina-de-escrever\/","title":{"rendered":"B\u00edblia Anote &#8211; Nvi &#8211; Espiral &#8211; M\u00e1quina De Escrever"},"content":{"rendered":"<p>Para voc\u00ea que gosta de registrar aquele trecho que acabou de ler na B\u00edblia, mas nem sempre conta com um espa\u00e7o onde fazer suas pr\u00f3prias anota\u00e7\u00f5es, a GEOGR\u00c1FICA EDITORA traz a B\u00edblia Anote. Nela, voc\u00ea tem como diferencial os espa\u00e7os laterais em branco para poder registrar passagens que poder\u00e3o ser usadas em seus estudos b\u00edblicos ou prega\u00e7\u00f5es. A B\u00edblia Anote traz a Nova Vers\u00e3o Internacional (NVI), uma tradu\u00e7\u00e3o contempor\u00e2nea fiel \u00e0s Escrituras, com formas verbais que facilitam em muito o entendimento. Com esta B\u00edblia, tudo aquilo que Deus falar ao seu cora\u00e7\u00e3o pode ser anotado no espa\u00e7o lateral em branco no mesmo instante da leitura, deixando estes registros \u00e0 sua disposi\u00e7\u00e3o para sempre. Afinal, \u00e9 essencial manter uma rotina de leitura e reflex\u00e3o da Palavra de Deus nas Sagradas Escrituras, n\u00e3o \u00e9 mesmo?<\/p>\n","protected":false},"excerpt":{"rendered":"<p>Para voc\u00ea que gosta de registrar aquele trecho que acabou de ler na B\u00edblia, mas nem sempre conta com um&hellip;<\/p>\n","protected":false},"featured_media":326010,"comment_status":"open","ping_status":"closed","template":"","meta":[],"product_cat":[139,166],"product_tag":[],"_links":{"self":[{"href":"https:\/\/www.livrariarema.com.br\/loja\/wp-json\/wp\/v2\/product\/191278"}],"collection":[{"href":"https:\/\/www.livrariarema.com.br\/loja\/wp-json\/wp\/v2\/product"}],"about":[{"href":"https:\/\/www.livrariarema.com.br\/loja\/wp-json\/wp\/v2\/types\/product"}],"replies":[{"embeddable":true,"href":"https:\/\/www.livrariarema.com.br\/loja\/wp-json\/wp\/v2\/comments?post=191278"}],"wp:featuredmedia":[{"embeddable":true,"href":"https:\/\/www.livrariarema.com.br\/loja\/wp-json\/wp\/v2\/media\/326010"}],"wp:attachment":[{"href":"https:\/\/www.livrariarema.com.br\/loja\/wp-json\/wp\/v2\/media?parent=191278"}],"wp:term":[{"taxonomy":"product_cat","embeddable":true,"href":"https:\/\/www.livrariarema.com.br\/loja\/wp-json\/wp\/v2\/product_cat?post=191278"},{"taxonomy":"product_tag","embeddable":true,"href":"https:\/\/www.livrariarema.com.br\/loja\/wp-json\/wp\/v2\/product_tag?post=191278"}],"curies":[{"name":"wp","href":"https:\/\/api.w.org\/{rel}","templated":true}]}}