{"id":191976,"date":"2022-10-24T11:27:44","date_gmt":"2022-10-24T14:27:44","guid":{"rendered":"https:\/\/www.livrariarema.com.br\/loja\/produtos\/sem categoria\/biblia-de-estudo-da-mulher-plena-nvi-big-flower\/"},"modified":"2025-03-22T09:50:36","modified_gmt":"2025-03-22T12:50:36","slug":"biblia-de-estudo-da-mulher-plena-nvi-big-flower","status":"publish","type":"product","link":"https:\/\/www.livrariarema.com.br\/loja\/produtos\/biblias\/estudo-feminina\/biblia-de-estudo-da-mulher-plena-nvi-big-flower\/","title":{"rendered":"Biblia De Estudo Da Mulher Plena &#8211; Nvi &#8211; Big Flower"},"content":{"rendered":"<p>Ser mulher \u00e9 um privil\u00e9gio e conhecer a Palavra de Deus, uma b\u00ean\u00e7\u00e3o!<br \/>\nEm uma edi\u00e7\u00e3o especial, a B\u00edblia da Mulher Plena traz um conceito inovador de B\u00edblia de estudo, em que o texto se conecta a uma s\u00e9rie de ferramentas de apoio \u00e0 leitura, \u00e0 memoriza\u00e7\u00e3o e, claro, a edifica\u00e7\u00e3o espiritual.<\/p>\n<p>Esta edi\u00e7\u00e3o cont\u00e9m: uma caixa exclusiva para guardar objetos, 4 marca p\u00e1ginas e 1 B\u00edblia de estudo da Mulher Plena.<\/p>\n","protected":false},"excerpt":{"rendered":"<p>Ser mulher \u00e9 um privil\u00e9gio e conhecer a Palavra de Deus, uma b\u00ean\u00e7\u00e3o! Em uma edi\u00e7\u00e3o especial, a B\u00edblia da&hellip;<\/p>\n","protected":false},"featured_media":325990,"comment_status":"open","ping_status":"closed","template":"","meta":[],"product_cat":[139,175],"product_tag":[],"_links":{"self":[{"href":"https:\/\/www.livrariarema.com.br\/loja\/wp-json\/wp\/v2\/product\/191976"}],"collection":[{"href":"https:\/\/www.livrariarema.com.br\/loja\/wp-json\/wp\/v2\/product"}],"about":[{"href":"https:\/\/www.livrariarema.com.br\/loja\/wp-json\/wp\/v2\/types\/product"}],"replies":[{"embeddable":true,"href":"https:\/\/www.livrariarema.com.br\/loja\/wp-json\/wp\/v2\/comments?post=191976"}],"wp:featuredmedia":[{"embeddable":true,"href":"https:\/\/www.livrariarema.com.br\/loja\/wp-json\/wp\/v2\/media\/325990"}],"wp:attachment":[{"href":"https:\/\/www.livrariarema.com.br\/loja\/wp-json\/wp\/v2\/media?parent=191976"}],"wp:term":[{"taxonomy":"product_cat","embeddable":true,"href":"https:\/\/www.livrariarema.com.br\/loja\/wp-json\/wp\/v2\/product_cat?post=191976"},{"taxonomy":"product_tag","embeddable":true,"href":"https:\/\/www.livrariarema.com.br\/loja\/wp-json\/wp\/v2\/product_tag?post=191976"}],"curies":[{"name":"wp","href":"https:\/\/api.w.org\/{rel}","templated":true}]}}