{"id":192189,"date":"2022-10-25T10:42:35","date_gmt":"2022-10-25T13:42:35","guid":{"rendered":"https:\/\/www.livrariarema.com.br\/loja\/produtos\/sem%20categoria\/caderno-universitario-96-folhas-zip\/"},"modified":"2025-06-02T16:22:17","modified_gmt":"2025-06-02T19:22:17","slug":"caderno-universitario-96-folhas-zip","status":"publish","type":"product","link":"https:\/\/www.livrariarema.com.br\/loja\/produtos\/papelaria\/caderno\/caderno-universitario-96-folhas-zip\/","title":{"rendered":"Caderno Universit\u00e1rio 96 Folhas &#8211; Zip"},"content":{"rendered":"<p>O Caderno Espiral Capa Dura Universit\u00e1rio 1 Mat\u00e9ria Zip 96 Folhas possui capa dura, bolsa pl\u00e1stica para guardar trabalhos e anota\u00e7\u00f5es, folhas pautadas e espiral colorido. Ideal para o dia a dia na escola ou na faculdade.<\/p>\n<p>* Vendido Individualmente<\/p>\n","protected":false},"excerpt":{"rendered":"<p>O Caderno Espiral Capa Dura Universit\u00e1rio 1 Mat\u00e9ria Zip 96 Folhas possui capa dura, bolsa pl\u00e1stica para guardar trabalhos e&hellip;<\/p>\n","protected":false},"featured_media":327318,"comment_status":"open","ping_status":"closed","template":"","meta":[],"product_cat":[230,215],"product_tag":[],"_links":{"self":[{"href":"https:\/\/www.livrariarema.com.br\/loja\/wp-json\/wp\/v2\/product\/192189"}],"collection":[{"href":"https:\/\/www.livrariarema.com.br\/loja\/wp-json\/wp\/v2\/product"}],"about":[{"href":"https:\/\/www.livrariarema.com.br\/loja\/wp-json\/wp\/v2\/types\/product"}],"replies":[{"embeddable":true,"href":"https:\/\/www.livrariarema.com.br\/loja\/wp-json\/wp\/v2\/comments?post=192189"}],"wp:featuredmedia":[{"embeddable":true,"href":"https:\/\/www.livrariarema.com.br\/loja\/wp-json\/wp\/v2\/media\/327318"}],"wp:attachment":[{"href":"https:\/\/www.livrariarema.com.br\/loja\/wp-json\/wp\/v2\/media?parent=192189"}],"wp:term":[{"taxonomy":"product_cat","embeddable":true,"href":"https:\/\/www.livrariarema.com.br\/loja\/wp-json\/wp\/v2\/product_cat?post=192189"},{"taxonomy":"product_tag","embeddable":true,"href":"https:\/\/www.livrariarema.com.br\/loja\/wp-json\/wp\/v2\/product_tag?post=192189"}],"curies":[{"name":"wp","href":"https:\/\/api.w.org\/{rel}","templated":true}]}}