{"id":192191,"date":"2022-10-25T10:42:40","date_gmt":"2022-10-25T13:42:40","guid":{"rendered":"https:\/\/www.livrariarema.com.br\/loja\/produtos\/sem categoria\/caderno-universitario-160-folhas-zip\/"},"modified":"2024-02-21T13:38:18","modified_gmt":"2024-02-21T16:38:18","slug":"caderno-universitario-160-folhas-zip","status":"publish","type":"product","link":"https:\/\/www.livrariarema.com.br\/loja\/produtos\/papelaria\/caderno\/caderno-universitario-160-folhas-zip\/","title":{"rendered":"Caderno Universit\u00e1rio 160 Folhas &#8211; Zip"},"content":{"rendered":"<p>O Caderno Espiral Capa Dura Universit\u00e1rio 10 Mat\u00e9rias Zip Preto 160 Folhas possui capa dura, folhas pautadas e espiral colorido. Ideal para o dia a dia na escola ou na faculdade.<\/p>\n","protected":false},"excerpt":{"rendered":"<p>O Caderno Espiral Capa Dura Universit\u00e1rio 10 Mat\u00e9rias Zip Preto 160 Folhas possui capa dura, folhas pautadas e espiral colorido.&hellip;<\/p>\n","protected":false},"featured_media":260170,"comment_status":"open","ping_status":"closed","template":"","meta":[],"product_cat":[230,215],"product_tag":[],"_links":{"self":[{"href":"https:\/\/www.livrariarema.com.br\/loja\/wp-json\/wp\/v2\/product\/192191"}],"collection":[{"href":"https:\/\/www.livrariarema.com.br\/loja\/wp-json\/wp\/v2\/product"}],"about":[{"href":"https:\/\/www.livrariarema.com.br\/loja\/wp-json\/wp\/v2\/types\/product"}],"replies":[{"embeddable":true,"href":"https:\/\/www.livrariarema.com.br\/loja\/wp-json\/wp\/v2\/comments?post=192191"}],"wp:featuredmedia":[{"embeddable":true,"href":"https:\/\/www.livrariarema.com.br\/loja\/wp-json\/wp\/v2\/media\/260170"}],"wp:attachment":[{"href":"https:\/\/www.livrariarema.com.br\/loja\/wp-json\/wp\/v2\/media?parent=192191"}],"wp:term":[{"taxonomy":"product_cat","embeddable":true,"href":"https:\/\/www.livrariarema.com.br\/loja\/wp-json\/wp\/v2\/product_cat?post=192191"},{"taxonomy":"product_tag","embeddable":true,"href":"https:\/\/www.livrariarema.com.br\/loja\/wp-json\/wp\/v2\/product_tag?post=192191"}],"curies":[{"name":"wp","href":"https:\/\/api.w.org\/{rel}","templated":true}]}}