{"id":192195,"date":"2022-10-25T10:42:49","date_gmt":"2022-10-25T13:42:49","guid":{"rendered":"https:\/\/www.livrariarema.com.br\/loja\/produtos\/sem%20categoria\/caderno-universitario-160-folhas-soho\/"},"modified":"2025-12-10T13:41:05","modified_gmt":"2025-12-10T16:41:05","slug":"caderno-universitario-160-folhas-soho","status":"publish","type":"product","link":"https:\/\/www.livrariarema.com.br\/loja\/produtos\/papelaria\/caderno\/caderno-universitario-160-folhas-soho\/","title":{"rendered":"Caderno Universit\u00e1rio 160 Folhas &#8211; Soho"},"content":{"rendered":"<p>O Caderno Espiral Capa Dura Universit\u00e1rio 10 Mat\u00e9rias Soho 160 Folhas possui capa dura com delhate metalizado, parte interna decorada, bolsa de papel decorada para guardar trabalhos e anota\u00e7\u00f5es, folha com adesivos funcionais, folhas pautadas decoradas e espiral colorido. Ideal para o dia a dia na escola ou na faculdade.<\/p>\n<p>* Vendido Individualmente<\/p>\n","protected":false},"excerpt":{"rendered":"<p>O Caderno Espiral Capa Dura Universit\u00e1rio 10 Mat\u00e9rias Soho 160 Folhas possui capa dura com delhate metalizado, parte interna decorada,&hellip;<\/p>\n","protected":false},"featured_media":327025,"comment_status":"open","ping_status":"closed","template":"","meta":[],"product_cat":[230,215],"product_tag":[],"_links":{"self":[{"href":"https:\/\/www.livrariarema.com.br\/loja\/wp-json\/wp\/v2\/product\/192195"}],"collection":[{"href":"https:\/\/www.livrariarema.com.br\/loja\/wp-json\/wp\/v2\/product"}],"about":[{"href":"https:\/\/www.livrariarema.com.br\/loja\/wp-json\/wp\/v2\/types\/product"}],"replies":[{"embeddable":true,"href":"https:\/\/www.livrariarema.com.br\/loja\/wp-json\/wp\/v2\/comments?post=192195"}],"wp:featuredmedia":[{"embeddable":true,"href":"https:\/\/www.livrariarema.com.br\/loja\/wp-json\/wp\/v2\/media\/327025"}],"wp:attachment":[{"href":"https:\/\/www.livrariarema.com.br\/loja\/wp-json\/wp\/v2\/media?parent=192195"}],"wp:term":[{"taxonomy":"product_cat","embeddable":true,"href":"https:\/\/www.livrariarema.com.br\/loja\/wp-json\/wp\/v2\/product_cat?post=192195"},{"taxonomy":"product_tag","embeddable":true,"href":"https:\/\/www.livrariarema.com.br\/loja\/wp-json\/wp\/v2\/product_tag?post=192195"}],"curies":[{"name":"wp","href":"https:\/\/api.w.org\/{rel}","templated":true}]}}