{"id":192537,"date":"2022-10-26T12:22:29","date_gmt":"2022-10-26T15:22:29","guid":{"rendered":"https:\/\/www.livrariarema.com.br\/loja\/produtos\/sem%20categoria\/caderno-colegial-32-folhas-grampeado-soho\/"},"modified":"2024-10-07T11:09:58","modified_gmt":"2024-10-07T14:09:58","slug":"caderno-colegial-32-folhas-grampeado-soho","status":"publish","type":"product","link":"https:\/\/www.livrariarema.com.br\/loja\/produtos\/papelaria\/caderno\/caderno-colegial-32-folhas-grampeado-soho\/","title":{"rendered":"Caderno Colegial 32 Folhas &#8211; Grampeado &#8211; Soho"},"content":{"rendered":"<p>O Caderno Colegial Grampeado Flex\u00edvel Soho 32 Folhas \u00e9 ideal para organiza\u00e7\u00e3o. Possui capa flex\u00edvel com detalhe metalizado e folhas pautadas para trazer praticidade ao dia a dia.<\/p>\n<p>* Vendido Individualmente<\/p>\n","protected":false},"excerpt":{"rendered":"<p>O Caderno Colegial Grampeado Flex\u00edvel Soho 32 Folhas \u00e9 ideal para organiza\u00e7\u00e3o. Possui capa flex\u00edvel com detalhe metalizado e folhas&hellip;<\/p>\n","protected":false},"featured_media":302950,"comment_status":"open","ping_status":"closed","template":"","meta":[],"product_cat":[230,215],"product_tag":[],"_links":{"self":[{"href":"https:\/\/www.livrariarema.com.br\/loja\/wp-json\/wp\/v2\/product\/192537"}],"collection":[{"href":"https:\/\/www.livrariarema.com.br\/loja\/wp-json\/wp\/v2\/product"}],"about":[{"href":"https:\/\/www.livrariarema.com.br\/loja\/wp-json\/wp\/v2\/types\/product"}],"replies":[{"embeddable":true,"href":"https:\/\/www.livrariarema.com.br\/loja\/wp-json\/wp\/v2\/comments?post=192537"}],"wp:featuredmedia":[{"embeddable":true,"href":"https:\/\/www.livrariarema.com.br\/loja\/wp-json\/wp\/v2\/media\/302950"}],"wp:attachment":[{"href":"https:\/\/www.livrariarema.com.br\/loja\/wp-json\/wp\/v2\/media?parent=192537"}],"wp:term":[{"taxonomy":"product_cat","embeddable":true,"href":"https:\/\/www.livrariarema.com.br\/loja\/wp-json\/wp\/v2\/product_cat?post=192537"},{"taxonomy":"product_tag","embeddable":true,"href":"https:\/\/www.livrariarema.com.br\/loja\/wp-json\/wp\/v2\/product_tag?post=192537"}],"curies":[{"name":"wp","href":"https:\/\/api.w.org\/{rel}","templated":true}]}}