{"id":192662,"date":"2022-10-26T12:59:30","date_gmt":"2022-10-26T15:59:30","guid":{"rendered":"https:\/\/www.livrariarema.com.br\/loja\/produtos\/sem categoria\/caneta-esferografica-tilibra-easy-grip-1-0mm-vermelha\/"},"modified":"2025-07-31T12:58:07","modified_gmt":"2025-07-31T15:58:07","slug":"caneta-esferografica-tilibra-easy-grip-1-0mm-vermelha","status":"publish","type":"product","link":"https:\/\/www.livrariarema.com.br\/loja\/produtos\/papelaria\/canetas\/caneta-esferografica-tilibra-easy-grip-1-0mm-vermelha\/","title":{"rendered":"Caneta Esferogr\u00e1fica &#8211; Tilibra &#8211; Easy Grip &#8211; 1.0Mm &#8211; Vermelha"},"content":{"rendered":"<p>A Caneta Esferogr\u00e1fica Retr\u00e1til 1.0mm Easy Grip Vermelha possui um tra\u00e7o macio e tinta de qualidade com secagem r\u00e1pida, sendo ideal para escrita e sendo indispens\u00e1vel para seu material escolar ou escrit\u00f3rio.<br \/>\nProduto Certificado INMETRO (Artigo Escolar\/Seguran\u00e7a) &#8211; Registro 000276\/2012<\/p>\n","protected":false},"excerpt":{"rendered":"<p>A Caneta Esferogr\u00e1fica Retr\u00e1til 1.0mm Easy Grip Vermelha possui um tra\u00e7o macio e tinta de qualidade com secagem r\u00e1pida, sendo&hellip;<\/p>\n","protected":false},"featured_media":334899,"comment_status":"open","ping_status":"closed","template":"","meta":[],"product_cat":[216,215],"product_tag":[],"_links":{"self":[{"href":"https:\/\/www.livrariarema.com.br\/loja\/wp-json\/wp\/v2\/product\/192662"}],"collection":[{"href":"https:\/\/www.livrariarema.com.br\/loja\/wp-json\/wp\/v2\/product"}],"about":[{"href":"https:\/\/www.livrariarema.com.br\/loja\/wp-json\/wp\/v2\/types\/product"}],"replies":[{"embeddable":true,"href":"https:\/\/www.livrariarema.com.br\/loja\/wp-json\/wp\/v2\/comments?post=192662"}],"wp:featuredmedia":[{"embeddable":true,"href":"https:\/\/www.livrariarema.com.br\/loja\/wp-json\/wp\/v2\/media\/334899"}],"wp:attachment":[{"href":"https:\/\/www.livrariarema.com.br\/loja\/wp-json\/wp\/v2\/media?parent=192662"}],"wp:term":[{"taxonomy":"product_cat","embeddable":true,"href":"https:\/\/www.livrariarema.com.br\/loja\/wp-json\/wp\/v2\/product_cat?post=192662"},{"taxonomy":"product_tag","embeddable":true,"href":"https:\/\/www.livrariarema.com.br\/loja\/wp-json\/wp\/v2\/product_tag?post=192662"}],"curies":[{"name":"wp","href":"https:\/\/api.w.org\/{rel}","templated":true}]}}