{"id":192678,"date":"2022-10-26T13:03:03","date_gmt":"2022-10-26T16:03:03","guid":{"rendered":"https:\/\/www.livrariarema.com.br\/loja\/produtos\/sem categoria\/quebra-cabeca-tilibra-dinossauros-safari-fundo-do-mar\/"},"modified":"2024-09-29T21:59:24","modified_gmt":"2024-09-30T00:59:24","slug":"quebra-cabeca-tilibra-dinossauros-safari-fundo-do-mar","status":"publish","type":"product","link":"https:\/\/www.livrariarema.com.br\/loja\/produtos\/diversos\/jogos\/quebra-cabeca-tilibra-dinossauros-safari-fundo-do-mar\/","title":{"rendered":"Quebra-Cabe\u00e7a &#8211; Tilibra &#8211; Dinossauros \/ Safari \/ Fundo Do Mar"},"content":{"rendered":"<p>O Quebra-Cabe\u00e7a Pedag\u00f3gico tem 24 pe\u00e7as, com op\u00e7\u00f5es de tem\u00e1ticas infantis de safari, dinossauros e fundo do mar. O produto, feito de papel\u00e3o 1050 g\/m\u00b2 e tamanho montado de 23 x 26 cm, \u00e9 certificado pelo Inmetro, sob portaria n\u00famero 008 134\/2021.<Br><br \/>\n<br \/>\nProduto Certificado INMETRO (Artigo Escolar\/Seguran\u00e7a) &#8211; Registro 008134\/2021<br \/>\n<Br><br \/>\n* Vendido individualmente *<\/p>\n","protected":false},"excerpt":{"rendered":"<p>O Quebra-Cabe\u00e7a Pedag\u00f3gico tem 24 pe\u00e7as, com op\u00e7\u00f5es de tem\u00e1ticas infantis de safari, dinossauros e fundo do mar. O produto,&hellip;<\/p>\n","protected":false},"featured_media":223050,"comment_status":"open","ping_status":"closed","template":"","meta":[],"product_cat":[132,222],"product_tag":[],"_links":{"self":[{"href":"https:\/\/www.livrariarema.com.br\/loja\/wp-json\/wp\/v2\/product\/192678"}],"collection":[{"href":"https:\/\/www.livrariarema.com.br\/loja\/wp-json\/wp\/v2\/product"}],"about":[{"href":"https:\/\/www.livrariarema.com.br\/loja\/wp-json\/wp\/v2\/types\/product"}],"replies":[{"embeddable":true,"href":"https:\/\/www.livrariarema.com.br\/loja\/wp-json\/wp\/v2\/comments?post=192678"}],"wp:featuredmedia":[{"embeddable":true,"href":"https:\/\/www.livrariarema.com.br\/loja\/wp-json\/wp\/v2\/media\/223050"}],"wp:attachment":[{"href":"https:\/\/www.livrariarema.com.br\/loja\/wp-json\/wp\/v2\/media?parent=192678"}],"wp:term":[{"taxonomy":"product_cat","embeddable":true,"href":"https:\/\/www.livrariarema.com.br\/loja\/wp-json\/wp\/v2\/product_cat?post=192678"},{"taxonomy":"product_tag","embeddable":true,"href":"https:\/\/www.livrariarema.com.br\/loja\/wp-json\/wp\/v2\/product_tag?post=192678"}],"curies":[{"name":"wp","href":"https:\/\/api.w.org\/{rel}","templated":true}]}}