{"id":192693,"date":"2022-10-26T13:07:08","date_gmt":"2022-10-26T16:07:08","guid":{"rendered":"https:\/\/www.livrariarema.com.br\/loja\/produtos\/sem%20categoria\/caderno-colegial-32-folhas-grampeado-west-village\/"},"modified":"2026-03-04T09:41:28","modified_gmt":"2026-03-04T12:41:28","slug":"caderno-colegial-32-folhas-grampeado-west-village","status":"publish","type":"product","link":"https:\/\/www.livrariarema.com.br\/loja\/produtos\/papelaria\/caderno\/caderno-colegial-32-folhas-grampeado-west-village\/","title":{"rendered":"Caderno Colegial 32 Folhas &#8211; Grampeado &#8211; West Village"},"content":{"rendered":"<p>O Caderno Colegial Grampeado Flex\u00edvel West Village 32 Folhas \u00e9 ideal para organiza\u00e7\u00e3o. Possui capa flex\u00edvel com detalhe metalizado e folhas pautadas para trazer praticidade ao dia a dia.<\/p>\n<p>* Vendido individualmente<br \/>\n* Enviado de acordo com a disponibilidade em estoque<\/p>\n","protected":false},"excerpt":{"rendered":"<p>O Caderno Colegial Grampeado Flex\u00edvel West Village 32 Folhas \u00e9 ideal para organiza\u00e7\u00e3o. Possui capa flex\u00edvel com detalhe metalizado e&hellip;<\/p>\n","protected":false},"featured_media":339070,"comment_status":"open","ping_status":"closed","template":"","meta":[],"product_cat":[230,215],"product_tag":[],"_links":{"self":[{"href":"https:\/\/www.livrariarema.com.br\/loja\/wp-json\/wp\/v2\/product\/192693"}],"collection":[{"href":"https:\/\/www.livrariarema.com.br\/loja\/wp-json\/wp\/v2\/product"}],"about":[{"href":"https:\/\/www.livrariarema.com.br\/loja\/wp-json\/wp\/v2\/types\/product"}],"replies":[{"embeddable":true,"href":"https:\/\/www.livrariarema.com.br\/loja\/wp-json\/wp\/v2\/comments?post=192693"}],"wp:featuredmedia":[{"embeddable":true,"href":"https:\/\/www.livrariarema.com.br\/loja\/wp-json\/wp\/v2\/media\/339070"}],"wp:attachment":[{"href":"https:\/\/www.livrariarema.com.br\/loja\/wp-json\/wp\/v2\/media?parent=192693"}],"wp:term":[{"taxonomy":"product_cat","embeddable":true,"href":"https:\/\/www.livrariarema.com.br\/loja\/wp-json\/wp\/v2\/product_cat?post=192693"},{"taxonomy":"product_tag","embeddable":true,"href":"https:\/\/www.livrariarema.com.br\/loja\/wp-json\/wp\/v2\/product_tag?post=192693"}],"curies":[{"name":"wp","href":"https:\/\/api.w.org\/{rel}","templated":true}]}}