{"id":192701,"date":"2022-10-26T13:09:13","date_gmt":"2022-10-26T16:09:13","guid":{"rendered":"https:\/\/www.livrariarema.com.br\/loja\/produtos\/sem categoria\/borracha-tilibra-big-b4-1\/"},"modified":"2025-12-01T17:03:46","modified_gmt":"2025-12-01T20:03:46","slug":"borracha-tilibra-big-b4-1","status":"publish","type":"product","link":"https:\/\/www.livrariarema.com.br\/loja\/produtos\/papelaria\/borracha\/borracha-tilibra-big-b4-1\/","title":{"rendered":"Borracha &#8211; Tilibra &#8211; Big &#8211; B4-1"},"content":{"rendered":"<p>Esque\u00e7a-se da sujeira ao tentar apagar algo do seu caderno! A Borracha Tilibra apaga tudo de maneira eficiente! \u00c9 macia e possui uma capa protetora que mant\u00e9m a borracha sempre limpa e deixa seu uso mais confort\u00e1vel. Sua formula \u00e9 livre de produtos t\u00f3xicos como o ftalato, garantindo maior seguran\u00e7a durante o uso. Ideal para o dia a dia na escola, auxiliando o aluno nas atividades de escrever, desenhar e colorir.<br \/>\nProduto Certificado INMETRO (Artigo Escolar\/Seguran\u00e7a) &#8211; Registro 005882\/2018<\/p>\n","protected":false},"excerpt":{"rendered":"<p>Esque\u00e7a-se da sujeira ao tentar apagar algo do seu caderno! A Borracha Tilibra apaga tudo de maneira eficiente! \u00c9 macia&hellip;<\/p>\n","protected":false},"featured_media":307292,"comment_status":"open","ping_status":"closed","template":"","meta":[],"product_cat":[281,215],"product_tag":[],"_links":{"self":[{"href":"https:\/\/www.livrariarema.com.br\/loja\/wp-json\/wp\/v2\/product\/192701"}],"collection":[{"href":"https:\/\/www.livrariarema.com.br\/loja\/wp-json\/wp\/v2\/product"}],"about":[{"href":"https:\/\/www.livrariarema.com.br\/loja\/wp-json\/wp\/v2\/types\/product"}],"replies":[{"embeddable":true,"href":"https:\/\/www.livrariarema.com.br\/loja\/wp-json\/wp\/v2\/comments?post=192701"}],"wp:featuredmedia":[{"embeddable":true,"href":"https:\/\/www.livrariarema.com.br\/loja\/wp-json\/wp\/v2\/media\/307292"}],"wp:attachment":[{"href":"https:\/\/www.livrariarema.com.br\/loja\/wp-json\/wp\/v2\/media?parent=192701"}],"wp:term":[{"taxonomy":"product_cat","embeddable":true,"href":"https:\/\/www.livrariarema.com.br\/loja\/wp-json\/wp\/v2\/product_cat?post=192701"},{"taxonomy":"product_tag","embeddable":true,"href":"https:\/\/www.livrariarema.com.br\/loja\/wp-json\/wp\/v2\/product_tag?post=192701"}],"curies":[{"name":"wp","href":"https:\/\/api.w.org\/{rel}","templated":true}]}}