{"id":193012,"date":"2022-10-28T09:40:22","date_gmt":"2022-10-28T12:40:22","guid":{"rendered":"https:\/\/www.livrariarema.com.br\/loja\/produtos\/sem%20categoria\/grafite-stabilo-0-5mm-hb-com-12-unidades\/"},"modified":"2026-04-25T12:00:24","modified_gmt":"2026-04-25T15:00:24","slug":"grafite-stabilo-0-5mm-hb-com-12-unidades","status":"publish","type":"product","link":"https:\/\/www.livrariarema.com.br\/loja\/produtos\/papelaria\/grafite\/grafite-stabilo-0-5mm-hb-com-12-unidades\/","title":{"rendered":"Grafite &#8211; Stabilo &#8211; 0.5Mm &#8211; Hb &#8211; Com 12 Unidades"},"content":{"rendered":"<p>Grafite Stabilo 0,5 Hb Com 12 minas<\/p>\n<p>Fabricado na Malaysia o grafite Stabilo \u00e9 25% mais longo que os normais, al\u00e9m da sua resist\u00eancia e pigmenta\u00e7\u00e3o que permite sua durabilidade por mais tempo.<\/p>\n<p>Registro Inmetro: N\u00e3o se Aplica<\/p>\n","protected":false},"excerpt":{"rendered":"<p>Grafite Stabilo 0,5 Hb Com 12 minas Fabricado na Malaysia o grafite Stabilo \u00e9 25% mais longo que os normais,&hellip;<\/p>\n","protected":false},"featured_media":335098,"comment_status":"open","ping_status":"closed","template":"","meta":[],"product_cat":[280,215],"product_tag":[],"_links":{"self":[{"href":"https:\/\/www.livrariarema.com.br\/loja\/wp-json\/wp\/v2\/product\/193012"}],"collection":[{"href":"https:\/\/www.livrariarema.com.br\/loja\/wp-json\/wp\/v2\/product"}],"about":[{"href":"https:\/\/www.livrariarema.com.br\/loja\/wp-json\/wp\/v2\/types\/product"}],"replies":[{"embeddable":true,"href":"https:\/\/www.livrariarema.com.br\/loja\/wp-json\/wp\/v2\/comments?post=193012"}],"wp:featuredmedia":[{"embeddable":true,"href":"https:\/\/www.livrariarema.com.br\/loja\/wp-json\/wp\/v2\/media\/335098"}],"wp:attachment":[{"href":"https:\/\/www.livrariarema.com.br\/loja\/wp-json\/wp\/v2\/media?parent=193012"}],"wp:term":[{"taxonomy":"product_cat","embeddable":true,"href":"https:\/\/www.livrariarema.com.br\/loja\/wp-json\/wp\/v2\/product_cat?post=193012"},{"taxonomy":"product_tag","embeddable":true,"href":"https:\/\/www.livrariarema.com.br\/loja\/wp-json\/wp\/v2\/product_tag?post=193012"}],"curies":[{"name":"wp","href":"https:\/\/api.w.org\/{rel}","templated":true}]}}