{"id":193022,"date":"2022-10-28T09:55:31","date_gmt":"2022-10-28T12:55:31","guid":{"rendered":"https:\/\/www.livrariarema.com.br\/loja\/produtos\/sem%20categoria\/caneta-cis-graf-duo-warm-grey-wg2\/"},"modified":"2026-03-31T14:01:05","modified_gmt":"2026-03-31T17:01:05","slug":"caneta-cis-graf-duo-warm-grey-wg2","status":"publish","type":"product","link":"https:\/\/www.livrariarema.com.br\/loja\/produtos\/papelaria\/canetas\/caneta-cis-graf-duo-warm-grey-wg2\/","title":{"rendered":"Caneta &#8211; Cis &#8211; Graf &#8211; Duo &#8211; Warm Grey &#8211; Wg2"},"content":{"rendered":"<p>Marcador art\u00edstico para uso profissional.<br \/>\nRegistro Inmetro: N\u00e3o se Aplica<\/p>\n<p>Caracter\u00edsticas:<\/p>\n<p>-2 pontas: 1 m\u00e9dia e 1 larga chanfrada.<br \/>\n-Design ergon\u00f4mico.<br \/>\n-Tinta pigmentada permanente.<br \/>\n-Cores vibrantes.<br \/>\n-Cor: Warm grey (ref. WG2).<\/p>\n","protected":false},"excerpt":{"rendered":"<p>Marcador art\u00edstico para uso profissional. Registro Inmetro: N\u00e3o se Aplica Caracter\u00edsticas: -2 pontas: 1 m\u00e9dia e 1 larga chanfrada. -Design&hellip;<\/p>\n","protected":false},"featured_media":335056,"comment_status":"open","ping_status":"closed","template":"","meta":[],"product_cat":[216,215],"product_tag":[],"_links":{"self":[{"href":"https:\/\/www.livrariarema.com.br\/loja\/wp-json\/wp\/v2\/product\/193022"}],"collection":[{"href":"https:\/\/www.livrariarema.com.br\/loja\/wp-json\/wp\/v2\/product"}],"about":[{"href":"https:\/\/www.livrariarema.com.br\/loja\/wp-json\/wp\/v2\/types\/product"}],"replies":[{"embeddable":true,"href":"https:\/\/www.livrariarema.com.br\/loja\/wp-json\/wp\/v2\/comments?post=193022"}],"wp:featuredmedia":[{"embeddable":true,"href":"https:\/\/www.livrariarema.com.br\/loja\/wp-json\/wp\/v2\/media\/335056"}],"wp:attachment":[{"href":"https:\/\/www.livrariarema.com.br\/loja\/wp-json\/wp\/v2\/media?parent=193022"}],"wp:term":[{"taxonomy":"product_cat","embeddable":true,"href":"https:\/\/www.livrariarema.com.br\/loja\/wp-json\/wp\/v2\/product_cat?post=193022"},{"taxonomy":"product_tag","embeddable":true,"href":"https:\/\/www.livrariarema.com.br\/loja\/wp-json\/wp\/v2\/product_tag?post=193022"}],"curies":[{"name":"wp","href":"https:\/\/api.w.org\/{rel}","templated":true}]}}