{"id":193062,"date":"2022-10-28T10:25:15","date_gmt":"2022-10-28T13:25:15","guid":{"rendered":"https:\/\/www.livrariarema.com.br\/loja\/produtos\/sem categoria\/apontador-cis-com-deposito-fun-com-borracha-no-topo\/"},"modified":"2026-02-02T13:20:19","modified_gmt":"2026-02-02T16:20:19","slug":"apontador-cis-com-deposito-fun-com-borracha-no-topo","status":"publish","type":"product","link":"https:\/\/www.livrariarema.com.br\/loja\/produtos\/papelaria\/apontador\/apontador-cis-com-deposito-fun-com-borracha-no-topo\/","title":{"rendered":"Apontador &#8211; Cis &#8211; Com Dep\u00f3sito &#8211; Fun &#8211; Com Borracha No Topo"},"content":{"rendered":"<p>Apontador 1 Furo com Dep\u00f3sito \u00e9 produzido com material dur\u00e1vel, l\u00e2mina resistente e dep\u00f3sito com boa capacidade. O produto \u00e9 ideal para o dia a dia escolar, auxiliando o aluno nas atividades de escrever, desenhar e colorir.<br \/>\nApontador com Dep\u00f3sito e Borracha Cis Fun &#8211; Cis<\/p>\n<p>Registro Inmetro 003 719\/2022<\/p>\n<p>* Vendido individualmente **<\/p>\n","protected":false},"excerpt":{"rendered":"<p>Apontador 1 Furo com Dep\u00f3sito \u00e9 produzido com material dur\u00e1vel, l\u00e2mina resistente e dep\u00f3sito com boa capacidade. O produto \u00e9&hellip;<\/p>\n","protected":false},"featured_media":332531,"comment_status":"open","ping_status":"closed","template":"","meta":[],"product_cat":[283,215],"product_tag":[],"_links":{"self":[{"href":"https:\/\/www.livrariarema.com.br\/loja\/wp-json\/wp\/v2\/product\/193062"}],"collection":[{"href":"https:\/\/www.livrariarema.com.br\/loja\/wp-json\/wp\/v2\/product"}],"about":[{"href":"https:\/\/www.livrariarema.com.br\/loja\/wp-json\/wp\/v2\/types\/product"}],"replies":[{"embeddable":true,"href":"https:\/\/www.livrariarema.com.br\/loja\/wp-json\/wp\/v2\/comments?post=193062"}],"wp:featuredmedia":[{"embeddable":true,"href":"https:\/\/www.livrariarema.com.br\/loja\/wp-json\/wp\/v2\/media\/332531"}],"wp:attachment":[{"href":"https:\/\/www.livrariarema.com.br\/loja\/wp-json\/wp\/v2\/media?parent=193062"}],"wp:term":[{"taxonomy":"product_cat","embeddable":true,"href":"https:\/\/www.livrariarema.com.br\/loja\/wp-json\/wp\/v2\/product_cat?post=193062"},{"taxonomy":"product_tag","embeddable":true,"href":"https:\/\/www.livrariarema.com.br\/loja\/wp-json\/wp\/v2\/product_tag?post=193062"}],"curies":[{"name":"wp","href":"https:\/\/api.w.org\/{rel}","templated":true}]}}