{"id":193090,"date":"2022-10-28T10:30:48","date_gmt":"2022-10-28T13:30:48","guid":{"rendered":"https:\/\/www.livrariarema.com.br\/loja\/produtos\/sem categoria\/borracha-stabilo-legend\/"},"modified":"2024-10-17T09:45:57","modified_gmt":"2024-10-17T12:45:57","slug":"borracha-stabilo-legend","status":"publish","type":"product","link":"https:\/\/www.livrariarema.com.br\/loja\/produtos\/papelaria\/borracha\/borracha-stabilo-legend\/","title":{"rendered":"Borracha &#8211; Stabilo &#8211; Legend"},"content":{"rendered":"<p>&#8211; Macia e confort\u00e1vel<Br><br \/>\n&#8211; Ideal para l\u00e1pis e lapiseira<Br><br \/>\n&#8211; Uso Di\u00e1rio<Br><br \/>\n&#8211; Alta qualidade<Br><br \/>\n&#8211; N\u00e3o mancha o papel!<Br><br \/>\n<Br><br \/>\nQue tal levar para o seu dia a dia na escola um produto que seja eficiente e colorido? A borracha Stabilo Legend \u00e9 perfeita para isso!<Br><br \/>\n<Br><br \/>\nCaracter\u00edsticas do Produto: Desenvolvida pela Stabilo, essa borracha \u00e9 macia, confort\u00e1vel e f\u00e1cil de apagar. Ideal para l\u00e1pis e lapiseira. Al\u00e9m disso, apresenta excelente desempenho e alta durabilidade, assim, voc\u00ea n\u00e3o precisa se preocupar em causar rasuras em seu caderno ou fich\u00e1rio. \u00c9 embalada em pl\u00e1stico e possui cinta em papel cart\u00e3o. Seu corpo \u00e9 colorido nas cores amarelo, azul escuro, laranja, verde ou vermelho! Sem d\u00favidas, essa borracha vai agregar ainda mais estilo aos seus materiais.<Br><br \/>\n<Br><br \/>\nComposi\u00e7\u00e3o do Produto: Resinas sint\u00e9ticas e termopl\u00e1sticas e plastificantes<Br><\/p>\n","protected":false},"excerpt":{"rendered":"<p>&#8211; Macia e confort\u00e1vel &#8211; Ideal para l\u00e1pis e lapiseira &#8211; Uso Di\u00e1rio &#8211; Alta qualidade &#8211; N\u00e3o mancha o&hellip;<\/p>\n","protected":false},"featured_media":320310,"comment_status":"open","ping_status":"closed","template":"","meta":[],"product_cat":[281,215],"product_tag":[],"_links":{"self":[{"href":"https:\/\/www.livrariarema.com.br\/loja\/wp-json\/wp\/v2\/product\/193090"}],"collection":[{"href":"https:\/\/www.livrariarema.com.br\/loja\/wp-json\/wp\/v2\/product"}],"about":[{"href":"https:\/\/www.livrariarema.com.br\/loja\/wp-json\/wp\/v2\/types\/product"}],"replies":[{"embeddable":true,"href":"https:\/\/www.livrariarema.com.br\/loja\/wp-json\/wp\/v2\/comments?post=193090"}],"wp:featuredmedia":[{"embeddable":true,"href":"https:\/\/www.livrariarema.com.br\/loja\/wp-json\/wp\/v2\/media\/320310"}],"wp:attachment":[{"href":"https:\/\/www.livrariarema.com.br\/loja\/wp-json\/wp\/v2\/media?parent=193090"}],"wp:term":[{"taxonomy":"product_cat","embeddable":true,"href":"https:\/\/www.livrariarema.com.br\/loja\/wp-json\/wp\/v2\/product_cat?post=193090"},{"taxonomy":"product_tag","embeddable":true,"href":"https:\/\/www.livrariarema.com.br\/loja\/wp-json\/wp\/v2\/product_tag?post=193090"}],"curies":[{"name":"wp","href":"https:\/\/api.w.org\/{rel}","templated":true}]}}