{"id":193102,"date":"2022-10-28T10:32:44","date_gmt":"2022-10-28T13:32:44","guid":{"rendered":"https:\/\/www.livrariarema.com.br\/loja\/produtos\/sem categoria\/caneta-cis-scrit-0-7mm-preta\/"},"modified":"2024-11-19T12:45:48","modified_gmt":"2024-11-19T15:45:48","slug":"caneta-cis-scrit-0-7mm-preta","status":"publish","type":"product","link":"https:\/\/www.livrariarema.com.br\/loja\/produtos\/papelaria\/canetas\/caneta-cis-scrit-0-7mm-preta\/","title":{"rendered":"Caneta &#8211; Cis &#8211; Scrit &#8211; 0.7Mm &#8211; Preta"},"content":{"rendered":"<p>Essencial no dia a dia, a caneta esferogr\u00e1fica \u00e9 parte importante do ambiente de trabalho. A caneta esferogr\u00e1fica scrit possui esfera de tungst\u00eanio, corpo de alum\u00ednio e ponta fina de 0,7mm.<br \/>\nIdeal para uso em escrit\u00f3rios, escolas, faculdades, estabelecimentos comerciais e muitos outros ambientes corporativos.<br \/>\nEmbalagem com 01 unidade.<\/p>\n<p>Registro Inmetro: 008 391\/2013<\/p>\n","protected":false},"excerpt":{"rendered":"<p>Essencial no dia a dia, a caneta esferogr\u00e1fica \u00e9 parte importante do ambiente de trabalho. A caneta esferogr\u00e1fica scrit possui&hellip;<\/p>\n","protected":false},"featured_media":322092,"comment_status":"open","ping_status":"closed","template":"","meta":[],"product_cat":[216,215],"product_tag":[],"_links":{"self":[{"href":"https:\/\/www.livrariarema.com.br\/loja\/wp-json\/wp\/v2\/product\/193102"}],"collection":[{"href":"https:\/\/www.livrariarema.com.br\/loja\/wp-json\/wp\/v2\/product"}],"about":[{"href":"https:\/\/www.livrariarema.com.br\/loja\/wp-json\/wp\/v2\/types\/product"}],"replies":[{"embeddable":true,"href":"https:\/\/www.livrariarema.com.br\/loja\/wp-json\/wp\/v2\/comments?post=193102"}],"wp:featuredmedia":[{"embeddable":true,"href":"https:\/\/www.livrariarema.com.br\/loja\/wp-json\/wp\/v2\/media\/322092"}],"wp:attachment":[{"href":"https:\/\/www.livrariarema.com.br\/loja\/wp-json\/wp\/v2\/media?parent=193102"}],"wp:term":[{"taxonomy":"product_cat","embeddable":true,"href":"https:\/\/www.livrariarema.com.br\/loja\/wp-json\/wp\/v2\/product_cat?post=193102"},{"taxonomy":"product_tag","embeddable":true,"href":"https:\/\/www.livrariarema.com.br\/loja\/wp-json\/wp\/v2\/product_tag?post=193102"}],"curies":[{"name":"wp","href":"https:\/\/api.w.org\/{rel}","templated":true}]}}