{"id":193104,"date":"2022-10-28T10:32:49","date_gmt":"2022-10-28T13:32:49","guid":{"rendered":"https:\/\/www.livrariarema.com.br\/loja\/produtos\/sem%20categoria\/caneta-stabilo-point-88-fine-0-4-com-8-sortidas-2\/"},"modified":"2025-09-24T16:34:31","modified_gmt":"2025-09-24T19:34:31","slug":"caneta-stabilo-point-88-fine-0-4-com-8-sortidas-2","status":"publish","type":"product","link":"https:\/\/www.livrariarema.com.br\/loja\/produtos\/papelaria\/canetas\/caneta-stabilo-point-88-fine-0-4-com-8-sortidas-2\/","title":{"rendered":"Caneta Stabilo &#8211; Point 88 &#8211; Fine 0.4 &#8211; Com 8 Sortidas"},"content":{"rendered":"<p>&#8211; Caneta hidrogr\u00e1fica multiuso, ponta 0.4mm, corpo sextavado em pl\u00e1stico r\u00edgido<br \/>\n&#8211; Tampa ventilada na cor da tinta, tinta a base de \u00e1gua<br \/>\n&#8211; Longa dura\u00e7\u00e3o, ponta sint\u00e9tica, suporte da ponta em a\u00e7o inoxid\u00e1vel<br \/>\n&#8211; Cores vivas, tinta de secagem r\u00e1pida<br \/>\n&#8211; Cores do estojo: Blush, Ameixa, Violeta acinzentado, Eucalipto, Pistache, Verde s\u00e1lvia, Vermelho ferrugem, Morango<\/p>\n<p>Registro Inmetro: 006 320\/2013<\/p>\n","protected":false},"excerpt":{"rendered":"<p>&#8211; Caneta hidrogr\u00e1fica multiuso, ponta 0.4mm, corpo sextavado em pl\u00e1stico r\u00edgido &#8211; Tampa ventilada na cor da tinta, tinta a&hellip;<\/p>\n","protected":false},"featured_media":338160,"comment_status":"open","ping_status":"closed","template":"","meta":[],"product_cat":[216,215],"product_tag":[],"_links":{"self":[{"href":"https:\/\/www.livrariarema.com.br\/loja\/wp-json\/wp\/v2\/product\/193104"}],"collection":[{"href":"https:\/\/www.livrariarema.com.br\/loja\/wp-json\/wp\/v2\/product"}],"about":[{"href":"https:\/\/www.livrariarema.com.br\/loja\/wp-json\/wp\/v2\/types\/product"}],"replies":[{"embeddable":true,"href":"https:\/\/www.livrariarema.com.br\/loja\/wp-json\/wp\/v2\/comments?post=193104"}],"wp:featuredmedia":[{"embeddable":true,"href":"https:\/\/www.livrariarema.com.br\/loja\/wp-json\/wp\/v2\/media\/338160"}],"wp:attachment":[{"href":"https:\/\/www.livrariarema.com.br\/loja\/wp-json\/wp\/v2\/media?parent=193104"}],"wp:term":[{"taxonomy":"product_cat","embeddable":true,"href":"https:\/\/www.livrariarema.com.br\/loja\/wp-json\/wp\/v2\/product_cat?post=193104"},{"taxonomy":"product_tag","embeddable":true,"href":"https:\/\/www.livrariarema.com.br\/loja\/wp-json\/wp\/v2\/product_tag?post=193104"}],"curies":[{"name":"wp","href":"https:\/\/api.w.org\/{rel}","templated":true}]}}