{"id":194525,"date":"2022-11-05T11:02:25","date_gmt":"2022-11-05T14:02:25","guid":{"rendered":"https:\/\/www.livrariarema.com.br\/loja\/produtos\/sem categoria\/caderno-pauta-e-ponto-80-folhas-fina-ideia-reciclar\/"},"modified":"2026-02-12T11:10:45","modified_gmt":"2026-02-12T14:10:45","slug":"caderno-pauta-e-ponto-80-folhas-fina-ideia-reciclar","status":"publish","type":"product","link":"https:\/\/www.livrariarema.com.br\/loja\/produtos\/papelaria\/caderno\/caderno-pauta-e-ponto-80-folhas-fina-ideia-reciclar\/","title":{"rendered":"Caderno Pauta E Ponto &#8211; 80 Folhas &#8211; Fina Ideia &#8211; Reciclar"},"content":{"rendered":"<p>Caderno colegial capa dura, impressas no papel kraft miolo com 80 folhas sendo 40 folhas com pautas brancas e 40 folhas pontilhado branco. <br \/>\nOs textos e desenhos se destacam no papel cinza clarinho e as pautas e pontos brancos ficam impercept\u00edveis. Feito em papel offset 90g, formato 17,3&#215;23,5cm, encaderna\u00e7\u00e3o wire-o e el\u00e1stico para fechamento. <br \/>\nAcompanham envelope para documentos resistente e folha de adesivos.<\/p>\n","protected":false},"excerpt":{"rendered":"<p>Caderno colegial capa dura, impressas no papel kraft miolo com 80 folhas sendo 40 folhas com pautas brancas e 40&hellip;<\/p>\n","protected":false},"featured_media":330234,"comment_status":"open","ping_status":"closed","template":"","meta":[],"product_cat":[230,215],"product_tag":[],"_links":{"self":[{"href":"https:\/\/www.livrariarema.com.br\/loja\/wp-json\/wp\/v2\/product\/194525"}],"collection":[{"href":"https:\/\/www.livrariarema.com.br\/loja\/wp-json\/wp\/v2\/product"}],"about":[{"href":"https:\/\/www.livrariarema.com.br\/loja\/wp-json\/wp\/v2\/types\/product"}],"replies":[{"embeddable":true,"href":"https:\/\/www.livrariarema.com.br\/loja\/wp-json\/wp\/v2\/comments?post=194525"}],"wp:featuredmedia":[{"embeddable":true,"href":"https:\/\/www.livrariarema.com.br\/loja\/wp-json\/wp\/v2\/media\/330234"}],"wp:attachment":[{"href":"https:\/\/www.livrariarema.com.br\/loja\/wp-json\/wp\/v2\/media?parent=194525"}],"wp:term":[{"taxonomy":"product_cat","embeddable":true,"href":"https:\/\/www.livrariarema.com.br\/loja\/wp-json\/wp\/v2\/product_cat?post=194525"},{"taxonomy":"product_tag","embeddable":true,"href":"https:\/\/www.livrariarema.com.br\/loja\/wp-json\/wp\/v2\/product_tag?post=194525"}],"curies":[{"name":"wp","href":"https:\/\/api.w.org\/{rel}","templated":true}]}}