{"id":195018,"date":"2022-11-08T10:32:43","date_gmt":"2022-11-08T13:32:43","guid":{"rendered":"https:\/\/www.livrariarema.com.br\/loja\/produtos\/sem%20categoria\/hebraico-nosso-de-cada-dia-o-tiago-abdalla-t-neto\/"},"modified":"2026-03-13T16:59:09","modified_gmt":"2026-03-13T19:59:09","slug":"hebraico-nosso-de-cada-dia-o-tiago-abdalla-t-neto","status":"publish","type":"product","link":"https:\/\/www.livrariarema.com.br\/loja\/produtos\/livros\/teologia\/hebraico-nosso-de-cada-dia-o-tiago-abdalla-t-neto\/","title":{"rendered":"Hebraico Nosso De Cada Dia, O &#8211; Tiago Abdalla T. Neto"},"content":{"rendered":"<p>As palavras proferidas por Deus t\u00eam o poder de impactar e transformar a nossa vida, agora e pela eternidade. Conhecer profundamente algumas dessas palavras que v\u00eam atravessando mil\u00eanios e gera\u00e7\u00f5es pode mudar a forma como vemos o mundo e o pr\u00f3prio Pai.<Br><br \/>\n<Br><br \/>\nEm &#8220;O hebraico nosso de cada dia&#8221;, o autor, Tiago Abdalla, selecionou dez dessas importantes palavras que t\u00eam um papel fundamental para entendermos quem somos e quem \u00e9 o Deus a quem servimos e adoramos por meio de Jesus Cristo.<Br><br \/>\n<Br><br \/>\nVoc\u00ea n\u00e3o precisa conhecer hebraico para ler e sentir o cora\u00e7\u00e3o avivado por esta obra singular. Aqui, veremos a grafia em hebraic0 (lida da direita para a esquerda), a translitera\u00e7\u00e3o e as poss\u00edveis tradu\u00e7\u00f5es para o portugu\u00eas. Na sequ\u00eancia, ganhamos uma riqu\u00edssima aula anal\u00edtica sobre cada palavra analisada, al\u00e9m de um amplo panorama da aplica\u00e7\u00e3o pr\u00e1tica dos termos para ajudar na condu\u00e7\u00e3o de nossa caminhada crist\u00e3.<br \/>\n<Br><Br><br \/>\nNo que diz respeito ao conte\u00fado, a leitura de &#8220;O hebraico nosso de cada dia&#8221; \u00e9 um refrig\u00e9rio nestes dias de teologias pouco s\u00f3lidas e carentes de boa fundamenta\u00e7\u00e3o na Palavra de Deus, Palavra esta cuja maior parte &#8211; o Antigo Testamento &#8211; foi escrita justamente no idioma hebraico. Em tempos em que as l\u00ednguas originais andam perdendo seu atrativo em muitas institui\u00e7\u00f5es teol\u00f3gicas de ensino, \u00e9 um deleite ler um livro que pretende transmitir o sabor e a vivacidade dos idiomas nos quais Deus decidiu se manifestar \u00e0s pessoas. &#8211;  Hernandes Dias Lopes<Br><\/p>\n","protected":false},"excerpt":{"rendered":"<p>As palavras proferidas por Deus t\u00eam o poder de impactar e transformar a nossa vida, agora e pela eternidade. Conhecer&hellip;<\/p>\n","protected":false},"featured_media":346140,"comment_status":"open","ping_status":"closed","template":"","meta":[],"product_cat":[134,136],"product_tag":[],"_links":{"self":[{"href":"https:\/\/www.livrariarema.com.br\/loja\/wp-json\/wp\/v2\/product\/195018"}],"collection":[{"href":"https:\/\/www.livrariarema.com.br\/loja\/wp-json\/wp\/v2\/product"}],"about":[{"href":"https:\/\/www.livrariarema.com.br\/loja\/wp-json\/wp\/v2\/types\/product"}],"replies":[{"embeddable":true,"href":"https:\/\/www.livrariarema.com.br\/loja\/wp-json\/wp\/v2\/comments?post=195018"}],"wp:featuredmedia":[{"embeddable":true,"href":"https:\/\/www.livrariarema.com.br\/loja\/wp-json\/wp\/v2\/media\/346140"}],"wp:attachment":[{"href":"https:\/\/www.livrariarema.com.br\/loja\/wp-json\/wp\/v2\/media?parent=195018"}],"wp:term":[{"taxonomy":"product_cat","embeddable":true,"href":"https:\/\/www.livrariarema.com.br\/loja\/wp-json\/wp\/v2\/product_cat?post=195018"},{"taxonomy":"product_tag","embeddable":true,"href":"https:\/\/www.livrariarema.com.br\/loja\/wp-json\/wp\/v2\/product_tag?post=195018"}],"curies":[{"name":"wp","href":"https:\/\/api.w.org\/{rel}","templated":true}]}}