{"id":195310,"date":"2022-11-09T14:04:49","date_gmt":"2022-11-09T17:04:49","guid":{"rendered":"https:\/\/www.livrariarema.com.br\/loja\/produtos\/sem categoria\/esperanca-do-ceu-a-michael-allen\/"},"modified":"2026-03-16T13:24:30","modified_gmt":"2026-03-16T16:24:30","slug":"esperanca-do-ceu-a-michael-allen","status":"publish","type":"product","link":"https:\/\/www.livrariarema.com.br\/loja\/produtos\/promocao\/livros-promocao\/esperanca-do-ceu-a-michael-allen\/","title":{"rendered":"Esperan\u00e7a Do C\u00e9u, A &#8211; Michael Allen"},"content":{"rendered":"<p>Rumo a uma teologia sistem\u00e1tica de esperan\u00e7a evang\u00e9lica<Br><br \/>\n<br \/>\nAs \u00eanfases neocalvinistas sobre a nova cria\u00e7\u00e3o e sobre os aspectos terrenos de nossa esperan\u00e7a podem ter, por vezes, se transformado de corre\u00e7\u00f5es reformadas produtivas \u00e0 f\u00e9 cat\u00f3lica em parasitas das linhas b\u00e1sicas do evangelho crist\u00e3o. Muitas vezes, o desejo de valorizar o comum e o cotidiano, o mundano e o material, n\u00e3o levou ao que deveria ser senso comum para qualquer leitor da B\u00edblia: que o c\u00e9u e o reino espiritual s\u00e3o da mais alta import\u00e2ncia. Muito raramente falamos de mentalidade celestial, de mentalidade espiritual, de autonega\u00e7\u00e3o ou de qualquer outra terminologia que tenha marcado a tradi\u00e7\u00e3o asc\u00e9tica (em suas intera\u00e7\u00f5es patr\u00edsticas ou, mais tarde, nas Reformadas).<\/p>\n","protected":false},"excerpt":{"rendered":"<p>Rumo a uma teologia sistem\u00e1tica de esperan\u00e7a evang\u00e9lica As \u00eanfases neocalvinistas sobre a nova cria\u00e7\u00e3o e sobre os aspectos terrenos&hellip;<\/p>\n","protected":false},"featured_media":346279,"comment_status":"open","ping_status":"closed","template":"","meta":[],"product_cat":[143,142],"product_tag":[],"_links":{"self":[{"href":"https:\/\/www.livrariarema.com.br\/loja\/wp-json\/wp\/v2\/product\/195310"}],"collection":[{"href":"https:\/\/www.livrariarema.com.br\/loja\/wp-json\/wp\/v2\/product"}],"about":[{"href":"https:\/\/www.livrariarema.com.br\/loja\/wp-json\/wp\/v2\/types\/product"}],"replies":[{"embeddable":true,"href":"https:\/\/www.livrariarema.com.br\/loja\/wp-json\/wp\/v2\/comments?post=195310"}],"wp:featuredmedia":[{"embeddable":true,"href":"https:\/\/www.livrariarema.com.br\/loja\/wp-json\/wp\/v2\/media\/346279"}],"wp:attachment":[{"href":"https:\/\/www.livrariarema.com.br\/loja\/wp-json\/wp\/v2\/media?parent=195310"}],"wp:term":[{"taxonomy":"product_cat","embeddable":true,"href":"https:\/\/www.livrariarema.com.br\/loja\/wp-json\/wp\/v2\/product_cat?post=195310"},{"taxonomy":"product_tag","embeddable":true,"href":"https:\/\/www.livrariarema.com.br\/loja\/wp-json\/wp\/v2\/product_tag?post=195310"}],"curies":[{"name":"wp","href":"https:\/\/api.w.org\/{rel}","templated":true}]}}