{"id":195312,"date":"2022-11-09T14:04:54","date_gmt":"2022-11-09T17:04:54","guid":{"rendered":"https:\/\/www.livrariarema.com.br\/loja\/produtos\/sem categoria\/rei-crucificado-o-jeremy-r-treat\/"},"modified":"2026-03-16T13:24:35","modified_gmt":"2026-03-16T16:24:35","slug":"rei-crucificado-o-jeremy-r-treat","status":"publish","type":"product","link":"https:\/\/www.livrariarema.com.br\/loja\/produtos\/promocao\/livros-promocao\/rei-crucificado-o-jeremy-r-treat\/","title":{"rendered":"Rei Crucificado, O &#8211; Jeremy R. Treat"},"content":{"rendered":"<p>A CRUZ E O REINO <br \/>\nEste livro busca fornecer uma resposta para a seguinte pergunta b\u00e1sica: Qual \u00e9 a rela\u00e7\u00e3o b\u00edblica e teol\u00f3gica entre a vinda do reino de Deus e a morte expiat\u00f3ria de Cristo na cruz?<br \/>\n Como veremos, a resposta est\u00e1, em \u00faltima an\u00e1lise, em Jesus, o Rei crucificado, conforme devidamente entendido dentro da hist\u00f3ria e da l\u00f3gica da reden\u00e7\u00e3o. Esta resposta n\u00e3o se encontra em uma escolha arbitr\u00e1ria entre reino ou cruz, mas numa jun\u00e7\u00e3o poderosa das duas realidades.<\/p>\n","protected":false},"excerpt":{"rendered":"<p>A CRUZ E O REINO Este livro busca fornecer uma resposta para a seguinte pergunta b\u00e1sica: Qual \u00e9 a rela\u00e7\u00e3o&hellip;<\/p>\n","protected":false},"featured_media":346280,"comment_status":"open","ping_status":"closed","template":"","meta":[],"product_cat":[143,142],"product_tag":[],"_links":{"self":[{"href":"https:\/\/www.livrariarema.com.br\/loja\/wp-json\/wp\/v2\/product\/195312"}],"collection":[{"href":"https:\/\/www.livrariarema.com.br\/loja\/wp-json\/wp\/v2\/product"}],"about":[{"href":"https:\/\/www.livrariarema.com.br\/loja\/wp-json\/wp\/v2\/types\/product"}],"replies":[{"embeddable":true,"href":"https:\/\/www.livrariarema.com.br\/loja\/wp-json\/wp\/v2\/comments?post=195312"}],"wp:featuredmedia":[{"embeddable":true,"href":"https:\/\/www.livrariarema.com.br\/loja\/wp-json\/wp\/v2\/media\/346280"}],"wp:attachment":[{"href":"https:\/\/www.livrariarema.com.br\/loja\/wp-json\/wp\/v2\/media?parent=195312"}],"wp:term":[{"taxonomy":"product_cat","embeddable":true,"href":"https:\/\/www.livrariarema.com.br\/loja\/wp-json\/wp\/v2\/product_cat?post=195312"},{"taxonomy":"product_tag","embeddable":true,"href":"https:\/\/www.livrariarema.com.br\/loja\/wp-json\/wp\/v2\/product_tag?post=195312"}],"curies":[{"name":"wp","href":"https:\/\/api.w.org\/{rel}","templated":true}]}}