{"id":195320,"date":"2022-11-09T14:05:15","date_gmt":"2022-11-09T17:05:15","guid":{"rendered":"https:\/\/www.livrariarema.com.br\/loja\/produtos\/sem categoria\/r-c-sproul-a-biografia-stephen-nichols\/"},"modified":"2026-03-16T13:24:54","modified_gmt":"2026-03-16T16:24:54","slug":"r-c-sproul-a-biografia-stephen-nichols","status":"publish","type":"product","link":"https:\/\/www.livrariarema.com.br\/loja\/produtos\/promocao\/livros-promocao\/r-c-sproul-a-biografia-stephen-nichols\/","title":{"rendered":"R.C. Sproul &#8211; A Biografia &#8211; Stephen Nichols"},"content":{"rendered":"<p>A VIDA E O MINIST\u00c9RIO DE R.C. SPROUL<br \/>\nR.C. Sproul (1939-2017) foi um pastor, professor, autor e fundador-presidente do Minsit\u00e9rio Ligonier. Suas contribui\u00e7\u00f5es nas \u00e1reas de estudos b\u00edblicos, teologia, filosofia, cosmovis\u00e3o e cultura, vida crist\u00e3 e hist\u00f3ria da igreja permanecem sendo grandemente estimadas. Neste livro, Stephen J. Nichols oferece um olhar sens\u00edvel e profundo na vida e minist\u00e9rio de Dr. Sproul: sua inf\u00e2ncia; seus anos formativos no semin\u00e1rio; seu casamento e parceria de uma vida toda com sua amada esposa, Vesta; sua influ\u00eancia no evangelicalismo mais amplo dos EUA; suas amizades com figuras de import\u00e2ncia hist\u00f3rica, como James Boice, John MacArthur, John Piper, J. I. Packer e Chuck Colson. Esta biografia detalha o profundo impacto que Sproul teve na vida de muitos durante sua pr\u00f3pria vida, e destaca as muitas maneiras como seu legado continua representando uma enorme influ\u00eancia para pastores, te\u00f3logos, estudantes e crist\u00e3os mundo afora.<\/p>\n","protected":false},"excerpt":{"rendered":"<p>A VIDA E O MINIST\u00c9RIO DE R.C. SPROUL R.C. Sproul (1939-2017) foi um pastor, professor, autor e fundador-presidente do Minsit\u00e9rio&hellip;<\/p>\n","protected":false},"featured_media":346283,"comment_status":"open","ping_status":"closed","template":"","meta":[],"product_cat":[143,142],"product_tag":[],"_links":{"self":[{"href":"https:\/\/www.livrariarema.com.br\/loja\/wp-json\/wp\/v2\/product\/195320"}],"collection":[{"href":"https:\/\/www.livrariarema.com.br\/loja\/wp-json\/wp\/v2\/product"}],"about":[{"href":"https:\/\/www.livrariarema.com.br\/loja\/wp-json\/wp\/v2\/types\/product"}],"replies":[{"embeddable":true,"href":"https:\/\/www.livrariarema.com.br\/loja\/wp-json\/wp\/v2\/comments?post=195320"}],"wp:featuredmedia":[{"embeddable":true,"href":"https:\/\/www.livrariarema.com.br\/loja\/wp-json\/wp\/v2\/media\/346283"}],"wp:attachment":[{"href":"https:\/\/www.livrariarema.com.br\/loja\/wp-json\/wp\/v2\/media?parent=195320"}],"wp:term":[{"taxonomy":"product_cat","embeddable":true,"href":"https:\/\/www.livrariarema.com.br\/loja\/wp-json\/wp\/v2\/product_cat?post=195320"},{"taxonomy":"product_tag","embeddable":true,"href":"https:\/\/www.livrariarema.com.br\/loja\/wp-json\/wp\/v2\/product_tag?post=195320"}],"curies":[{"name":"wp","href":"https:\/\/api.w.org\/{rel}","templated":true}]}}