{"id":195452,"date":"2022-11-10T10:52:19","date_gmt":"2022-11-10T13:52:19","guid":{"rendered":"https:\/\/www.livrariarema.com.br\/loja\/produtos\/sem categoria\/harpa-crista-mi-bemol-eb-2\/"},"modified":"2025-08-18T14:36:12","modified_gmt":"2025-08-18T17:36:12","slug":"harpa-crista-mi-bemol-eb-2","status":"publish","type":"product","link":"https:\/\/www.livrariarema.com.br\/loja\/produtos\/livros\/harpas\/harpa-crista-mi-bemol-eb-2\/","title":{"rendered":"Harpa Crist\u00e3 &#8211; Mi Bemol (Eb)"},"content":{"rendered":"<p>Esta harpa \u00e9 para instrumentos de sopro que s\u00e3o do tom de Mi bemol: Requinta, Sax Alto, Tuba, Clarone Alto, Sax Horn, Genis, Sax Bar\u00edtono. Da mesma forma que a Harpa em Si Bemol, esta Harpa s\u00f3 tem a clave de Sol, com duas notas somente, a primeira nota \u00e9 a melodia do hino, a segunda seria a segunda voz do hino, no caso, a voz do contralto. Nesta Harpa, n\u00e3o possui a letra dos hinos e nem Cifras.<\/p>\n","protected":false},"excerpt":{"rendered":"<p>Esta harpa \u00e9 para instrumentos de sopro que s\u00e3o do tom de Mi bemol: Requinta, Sax Alto, Tuba, Clarone Alto,&hellip;<\/p>\n","protected":false},"featured_media":335442,"comment_status":"open","ping_status":"closed","template":"","meta":[],"product_cat":[221,134],"product_tag":[],"_links":{"self":[{"href":"https:\/\/www.livrariarema.com.br\/loja\/wp-json\/wp\/v2\/product\/195452"}],"collection":[{"href":"https:\/\/www.livrariarema.com.br\/loja\/wp-json\/wp\/v2\/product"}],"about":[{"href":"https:\/\/www.livrariarema.com.br\/loja\/wp-json\/wp\/v2\/types\/product"}],"replies":[{"embeddable":true,"href":"https:\/\/www.livrariarema.com.br\/loja\/wp-json\/wp\/v2\/comments?post=195452"}],"wp:featuredmedia":[{"embeddable":true,"href":"https:\/\/www.livrariarema.com.br\/loja\/wp-json\/wp\/v2\/media\/335442"}],"wp:attachment":[{"href":"https:\/\/www.livrariarema.com.br\/loja\/wp-json\/wp\/v2\/media?parent=195452"}],"wp:term":[{"taxonomy":"product_cat","embeddable":true,"href":"https:\/\/www.livrariarema.com.br\/loja\/wp-json\/wp\/v2\/product_cat?post=195452"},{"taxonomy":"product_tag","embeddable":true,"href":"https:\/\/www.livrariarema.com.br\/loja\/wp-json\/wp\/v2\/product_tag?post=195452"}],"curies":[{"name":"wp","href":"https:\/\/api.w.org\/{rel}","templated":true}]}}