{"id":195525,"date":"2022-11-10T10:55:43","date_gmt":"2022-11-10T13:55:43","guid":{"rendered":"https:\/\/www.livrariarema.com.br\/loja\/produtos\/sem%20categoria\/biblia-contexto-novo-testamento-floral\/"},"modified":"2023-08-30T10:16:01","modified_gmt":"2023-08-30T13:16:01","slug":"biblia-contexto-novo-testamento-floral","status":"publish","type":"product","link":"https:\/\/www.livrariarema.com.br\/loja\/produtos\/biblias\/estudo\/biblia-contexto-novo-testamento-floral\/","title":{"rendered":"B\u00edblia Contexto &#8211; Novo Testamento &#8211; Floral"},"content":{"rendered":"<p>O formato inovador auxilia a prega\u00e7\u00e3o e os estudos b\u00edblicos de pesquisadores, te\u00f3logos e pastores. O objetivo \u00e9 que todos possam se beneficiar com esta obra, desde o leitor mais experiente, j\u00e1 habituado ao uso de refer\u00eancias cruzadas no estudo da B\u00edblia, at\u00e9 o leitor iniciante, que est\u00e1 conhecendo a literatura b\u00edblica, obtendo um grande benef\u00edcio.<br \/>\n<br \/>\nAs refer\u00eancias b\u00edblicas selecionadas a partir das Escrituras sagradas explicam e contextualizam os vers\u00edculos presentes no Novo Testamento. Cont\u00e9m instru\u00e7\u00e3o de cada livro. <\/p>\n<p>Para tornar o entendimento ainda mais eficiente, os vers\u00edculos est\u00e3o sinalizados com a cor preta e as refer\u00eancias s\u00e3o citadas em vermelho, podendo ser feita de forma fluida ou separada por se\u00e7\u00f5es.<\/p>\n<p>Contendo uma capa levemente aveludada, bordas arredondadas, al\u00e9m de folhas amareladas para facilitar a leitura. Com espa\u00e7os em branco onde voc\u00ea pode anotar suas reflex\u00f5es durante o estudo. E, para n\u00e3o perder seus cap\u00edtulos favoritos, h\u00e1 lindos fitilhos coloridos que servem como marca p\u00e1ginas.<\/p>\n<p>Separados em 2 Livros, &#8220;Evangelhos e  Atos&#8221; e &#8220;Cartas e Apocalipse&#8221;.<\/p>\n","protected":false},"excerpt":{"rendered":"<p>O formato inovador auxilia a prega\u00e7\u00e3o e os estudos b\u00edblicos de pesquisadores, te\u00f3logos e pastores. O objetivo \u00e9 que todos&hellip;<\/p>\n","protected":false},"featured_media":250454,"comment_status":"open","ping_status":"closed","template":"","meta":[],"product_cat":[139,140],"product_tag":[],"_links":{"self":[{"href":"https:\/\/www.livrariarema.com.br\/loja\/wp-json\/wp\/v2\/product\/195525"}],"collection":[{"href":"https:\/\/www.livrariarema.com.br\/loja\/wp-json\/wp\/v2\/product"}],"about":[{"href":"https:\/\/www.livrariarema.com.br\/loja\/wp-json\/wp\/v2\/types\/product"}],"replies":[{"embeddable":true,"href":"https:\/\/www.livrariarema.com.br\/loja\/wp-json\/wp\/v2\/comments?post=195525"}],"wp:featuredmedia":[{"embeddable":true,"href":"https:\/\/www.livrariarema.com.br\/loja\/wp-json\/wp\/v2\/media\/250454"}],"wp:attachment":[{"href":"https:\/\/www.livrariarema.com.br\/loja\/wp-json\/wp\/v2\/media?parent=195525"}],"wp:term":[{"taxonomy":"product_cat","embeddable":true,"href":"https:\/\/www.livrariarema.com.br\/loja\/wp-json\/wp\/v2\/product_cat?post=195525"},{"taxonomy":"product_tag","embeddable":true,"href":"https:\/\/www.livrariarema.com.br\/loja\/wp-json\/wp\/v2\/product_tag?post=195525"}],"curies":[{"name":"wp","href":"https:\/\/api.w.org\/{rel}","templated":true}]}}