{"id":195797,"date":"2022-11-11T09:02:12","date_gmt":"2022-11-11T12:02:12","guid":{"rendered":"https:\/\/www.livrariarema.com.br\/loja\/produtos\/sem%20categoria\/caneca-de-porcelana-urban-360ml-deus-e-bom-o-tempo-todo\/"},"modified":"2026-04-28T09:17:57","modified_gmt":"2026-04-28T12:17:57","slug":"caneca-de-porcelana-urban-360ml-deus-e-bom-o-tempo-todo","status":"publish","type":"product","link":"https:\/\/www.livrariarema.com.br\/loja\/produtos\/diversos\/caneca\/caneca-de-porcelana-urban-360ml-deus-e-bom-o-tempo-todo\/","title":{"rendered":"Caneca De Porcelana &#8211; Urban 300Ml &#8211; F\u00e9 &#8211; Deus \u00c9 Bom O Tempo Todo"},"content":{"rendered":"<p>A Caneca Urban \u00e9 fabricada em porcelana de alta qualidade que garante maior durabilidade durante seu uso. Ela \u00e9 perfeita para voc\u00ea apreciar sua bebida favorita de um jeito todo especial.<\/p>\n<p>A Linha de Canecas Urban \u00e9 um item essencial no seu caf\u00e9 da manh\u00e3, al\u00e9m disso voc\u00ea pode us\u00e1-la como porta treco, porta l\u00e1pis ou presentear algu\u00e9m especial.<\/p>\n","protected":false},"excerpt":{"rendered":"<p>A Caneca Urban \u00e9 fabricada em porcelana de alta qualidade que garante maior durabilidade durante seu uso. Ela \u00e9 perfeita&hellip;<\/p>\n","protected":false},"featured_media":347289,"comment_status":"open","ping_status":"closed","template":"","meta":[],"product_cat":[235,132],"product_tag":[],"_links":{"self":[{"href":"https:\/\/www.livrariarema.com.br\/loja\/wp-json\/wp\/v2\/product\/195797"}],"collection":[{"href":"https:\/\/www.livrariarema.com.br\/loja\/wp-json\/wp\/v2\/product"}],"about":[{"href":"https:\/\/www.livrariarema.com.br\/loja\/wp-json\/wp\/v2\/types\/product"}],"replies":[{"embeddable":true,"href":"https:\/\/www.livrariarema.com.br\/loja\/wp-json\/wp\/v2\/comments?post=195797"}],"wp:featuredmedia":[{"embeddable":true,"href":"https:\/\/www.livrariarema.com.br\/loja\/wp-json\/wp\/v2\/media\/347289"}],"wp:attachment":[{"href":"https:\/\/www.livrariarema.com.br\/loja\/wp-json\/wp\/v2\/media?parent=195797"}],"wp:term":[{"taxonomy":"product_cat","embeddable":true,"href":"https:\/\/www.livrariarema.com.br\/loja\/wp-json\/wp\/v2\/product_cat?post=195797"},{"taxonomy":"product_tag","embeddable":true,"href":"https:\/\/www.livrariarema.com.br\/loja\/wp-json\/wp\/v2\/product_tag?post=195797"}],"curies":[{"name":"wp","href":"https:\/\/api.w.org\/{rel}","templated":true}]}}