{"id":195802,"date":"2022-11-11T09:02:31","date_gmt":"2022-11-11T12:02:31","guid":{"rendered":"https:\/\/www.livrariarema.com.br\/loja\/produtos\/sem%20categoria\/caneca-de-porcelana-urban-360ml-hadouken\/"},"modified":"2026-04-28T09:18:19","modified_gmt":"2026-04-28T12:18:19","slug":"caneca-de-porcelana-urban-360ml-hadouken","status":"publish","type":"product","link":"https:\/\/www.livrariarema.com.br\/loja\/produtos\/diversos\/caneca\/caneca-de-porcelana-urban-360ml-hadouken\/","title":{"rendered":"Caneca De Porcelana &#8211; Urban 300Ml &#8211; Hadouken"},"content":{"rendered":"<p>Para os apaixonados por games e caf\u00e9, essa caneca \u00e9 perfeita! A Caneca Urban \u00e9 fabricada em porcelana de alta qualidade que garante maior durabilidade durante seu uso. Ela \u00e9 perfeita para voc\u00ea apreciar aquele caf\u00e9 quentinho ou chocolate quente super cremoso de um jeito todo especial.<\/p>\n<p>A Linha de Canecas Urban \u00e9 um item essencial em qualquer caf\u00e9 da manh\u00e3, al\u00e9m disso d\u00e1 para us\u00e1-la como porta treco, porta l\u00e1pis ou presentear algu\u00e9m especial.<\/p>\n","protected":false},"excerpt":{"rendered":"<p>Para os apaixonados por games e caf\u00e9, essa caneca \u00e9 perfeita! A Caneca Urban \u00e9 fabricada em porcelana de alta&hellip;<\/p>\n","protected":false},"featured_media":347292,"comment_status":"open","ping_status":"closed","template":"","meta":[],"product_cat":[235,132],"product_tag":[],"_links":{"self":[{"href":"https:\/\/www.livrariarema.com.br\/loja\/wp-json\/wp\/v2\/product\/195802"}],"collection":[{"href":"https:\/\/www.livrariarema.com.br\/loja\/wp-json\/wp\/v2\/product"}],"about":[{"href":"https:\/\/www.livrariarema.com.br\/loja\/wp-json\/wp\/v2\/types\/product"}],"replies":[{"embeddable":true,"href":"https:\/\/www.livrariarema.com.br\/loja\/wp-json\/wp\/v2\/comments?post=195802"}],"wp:featuredmedia":[{"embeddable":true,"href":"https:\/\/www.livrariarema.com.br\/loja\/wp-json\/wp\/v2\/media\/347292"}],"wp:attachment":[{"href":"https:\/\/www.livrariarema.com.br\/loja\/wp-json\/wp\/v2\/media?parent=195802"}],"wp:term":[{"taxonomy":"product_cat","embeddable":true,"href":"https:\/\/www.livrariarema.com.br\/loja\/wp-json\/wp\/v2\/product_cat?post=195802"},{"taxonomy":"product_tag","embeddable":true,"href":"https:\/\/www.livrariarema.com.br\/loja\/wp-json\/wp\/v2\/product_tag?post=195802"}],"curies":[{"name":"wp","href":"https:\/\/api.w.org\/{rel}","templated":true}]}}