{"id":196911,"date":"2022-11-14T11:41:48","date_gmt":"2022-11-14T14:41:48","guid":{"rendered":"https:\/\/www.livrariarema.com.br\/loja\/produtos\/sem categoria\/na063bess-biblia-primeiros-passos\/"},"modified":"2026-03-26T12:10:37","modified_gmt":"2026-03-26T15:10:37","slug":"na063bess-biblia-primeiros-passos","status":"publish","type":"product","link":"https:\/\/www.livrariarema.com.br\/loja\/produtos\/biblias\/nova-almeida-atualizada\/na063bess-biblia-primeiros-passos\/","title":{"rendered":"Na063bess &#8211; B\u00edblia Primeiros Passos"},"content":{"rendered":"<p>B\u00edblia Primeiros Passos, bases da f\u00e9 para os seguidores de Cristo, \u00e9 o novo t\u00edtulo da B\u00edblia Essencial. Ideal para novos convertidos e pessoas que ainda n\u00e3o conseguiram, por algum motivo, ler e compreender a B\u00edblia.<\/p>\n","protected":false},"excerpt":{"rendered":"<p>B\u00edblia Primeiros Passos, bases da f\u00e9 para os seguidores de Cristo, \u00e9 o novo t\u00edtulo da B\u00edblia Essencial. Ideal para&hellip;<\/p>\n","protected":false},"featured_media":342202,"comment_status":"open","ping_status":"closed","template":"","meta":[],"product_cat":[139,174],"product_tag":[],"_links":{"self":[{"href":"https:\/\/www.livrariarema.com.br\/loja\/wp-json\/wp\/v2\/product\/196911"}],"collection":[{"href":"https:\/\/www.livrariarema.com.br\/loja\/wp-json\/wp\/v2\/product"}],"about":[{"href":"https:\/\/www.livrariarema.com.br\/loja\/wp-json\/wp\/v2\/types\/product"}],"replies":[{"embeddable":true,"href":"https:\/\/www.livrariarema.com.br\/loja\/wp-json\/wp\/v2\/comments?post=196911"}],"wp:featuredmedia":[{"embeddable":true,"href":"https:\/\/www.livrariarema.com.br\/loja\/wp-json\/wp\/v2\/media\/342202"}],"wp:attachment":[{"href":"https:\/\/www.livrariarema.com.br\/loja\/wp-json\/wp\/v2\/media?parent=196911"}],"wp:term":[{"taxonomy":"product_cat","embeddable":true,"href":"https:\/\/www.livrariarema.com.br\/loja\/wp-json\/wp\/v2\/product_cat?post=196911"},{"taxonomy":"product_tag","embeddable":true,"href":"https:\/\/www.livrariarema.com.br\/loja\/wp-json\/wp\/v2\/product_tag?post=196911"}],"curies":[{"name":"wp","href":"https:\/\/api.w.org\/{rel}","templated":true}]}}