{"id":196925,"date":"2022-11-14T11:42:38","date_gmt":"2022-11-14T14:42:38","guid":{"rendered":"https:\/\/www.livrariarema.com.br\/loja\/produtos\/sem categoria\/arc085tilsgilv-biblia-letra-supergigante-com-indice-preta\/"},"modified":"2026-03-13T09:30:18","modified_gmt":"2026-03-13T12:30:18","slug":"arc085tilsgilv-biblia-letra-supergigante-com-indice-preta","status":"publish","type":"product","link":"https:\/\/www.livrariarema.com.br\/loja\/produtos\/biblias\/revista-corrigida-biblias\/arc085tilsgilv-biblia-letra-supergigante-com-indice-preta\/","title":{"rendered":"Arc085tilsgilv &#8211; Biblia Letra Supergigante &#8211; Com \u00cdndice &#8211; Preta"},"content":{"rendered":"<p>Elegante e moderna, esta B\u00edblia com letra supergigante oferece uma experi\u00eancia de leitura mais din\u00e2mica e agrad\u00e1vel.<\/p>\n","protected":false},"excerpt":{"rendered":"<p>Elegante e moderna, esta B\u00edblia com letra supergigante oferece uma experi\u00eancia de leitura mais din\u00e2mica e agrad\u00e1vel.<\/p>\n","protected":false},"featured_media":343890,"comment_status":"open","ping_status":"closed","template":"","meta":[],"product_cat":[139,149],"product_tag":[],"_links":{"self":[{"href":"https:\/\/www.livrariarema.com.br\/loja\/wp-json\/wp\/v2\/product\/196925"}],"collection":[{"href":"https:\/\/www.livrariarema.com.br\/loja\/wp-json\/wp\/v2\/product"}],"about":[{"href":"https:\/\/www.livrariarema.com.br\/loja\/wp-json\/wp\/v2\/types\/product"}],"replies":[{"embeddable":true,"href":"https:\/\/www.livrariarema.com.br\/loja\/wp-json\/wp\/v2\/comments?post=196925"}],"wp:featuredmedia":[{"embeddable":true,"href":"https:\/\/www.livrariarema.com.br\/loja\/wp-json\/wp\/v2\/media\/343890"}],"wp:attachment":[{"href":"https:\/\/www.livrariarema.com.br\/loja\/wp-json\/wp\/v2\/media?parent=196925"}],"wp:term":[{"taxonomy":"product_cat","embeddable":true,"href":"https:\/\/www.livrariarema.com.br\/loja\/wp-json\/wp\/v2\/product_cat?post=196925"},{"taxonomy":"product_tag","embeddable":true,"href":"https:\/\/www.livrariarema.com.br\/loja\/wp-json\/wp\/v2\/product_tag?post=196925"}],"curies":[{"name":"wp","href":"https:\/\/api.w.org\/{rel}","templated":true}]}}