{"id":197824,"date":"2022-11-18T16:37:56","date_gmt":"2022-11-18T19:37:56","guid":{"rendered":"https:\/\/www.livrariarema.com.br\/loja\/produtos\/sem categoria\/lapiseira-tris-super-cute-2-0mm\/"},"modified":"2024-01-21T05:25:03","modified_gmt":"2024-01-21T08:25:03","slug":"lapiseira-tris-super-cute-2-0mm","status":"publish","type":"product","link":"https:\/\/www.livrariarema.com.br\/loja\/produtos\/papelaria\/lapiseira\/lapiseira-tris-super-cute-2-0mm\/","title":{"rendered":"Lapiseira &#8211; Tris &#8211; Super Cute &#8211; 2.0Mm"},"content":{"rendered":"<p>A lapiseira Super Cute possui tra\u00e7o refor\u00e7ado 2.0mm com apontador no topo, ideal para quem prefere tra\u00e7o mais parecido ao do l\u00e1pis ou est\u00e1 come\u00e7ando a utilizar lapiseiras!<br \/>\nPossui resist\u00eancia na escrita e 3 op\u00e7\u00f5es de estampas para voc\u00ea escolher!<br \/>\n<BR><br \/>\nComposi\u00e7\u00e3o: Resinas termopl\u00e1sticas, grafite e metal.<br \/>\n<Br><br \/>\n* Vendido Individualmente *<\/p>\n","protected":false},"excerpt":{"rendered":"<p>A lapiseira Super Cute possui tra\u00e7o refor\u00e7ado 2.0mm com apontador no topo, ideal para quem prefere tra\u00e7o mais parecido ao&hellip;<\/p>\n","protected":false},"featured_media":243828,"comment_status":"open","ping_status":"closed","template":"","meta":[],"product_cat":[276,215],"product_tag":[],"_links":{"self":[{"href":"https:\/\/www.livrariarema.com.br\/loja\/wp-json\/wp\/v2\/product\/197824"}],"collection":[{"href":"https:\/\/www.livrariarema.com.br\/loja\/wp-json\/wp\/v2\/product"}],"about":[{"href":"https:\/\/www.livrariarema.com.br\/loja\/wp-json\/wp\/v2\/types\/product"}],"replies":[{"embeddable":true,"href":"https:\/\/www.livrariarema.com.br\/loja\/wp-json\/wp\/v2\/comments?post=197824"}],"wp:featuredmedia":[{"embeddable":true,"href":"https:\/\/www.livrariarema.com.br\/loja\/wp-json\/wp\/v2\/media\/243828"}],"wp:attachment":[{"href":"https:\/\/www.livrariarema.com.br\/loja\/wp-json\/wp\/v2\/media?parent=197824"}],"wp:term":[{"taxonomy":"product_cat","embeddable":true,"href":"https:\/\/www.livrariarema.com.br\/loja\/wp-json\/wp\/v2\/product_cat?post=197824"},{"taxonomy":"product_tag","embeddable":true,"href":"https:\/\/www.livrariarema.com.br\/loja\/wp-json\/wp\/v2\/product_tag?post=197824"}],"curies":[{"name":"wp","href":"https:\/\/api.w.org\/{rel}","templated":true}]}}