{"id":197829,"date":"2022-11-18T16:38:09","date_gmt":"2022-11-18T19:38:09","guid":{"rendered":"https:\/\/www.livrariarema.com.br\/loja\/produtos\/sem%20categoria\/lapiseira-tris-college-2-0mm\/"},"modified":"2026-04-06T13:30:29","modified_gmt":"2026-04-06T16:30:29","slug":"lapiseira-tris-college-2-0mm","status":"publish","type":"product","link":"https:\/\/www.livrariarema.com.br\/loja\/produtos\/papelaria\/lapiseira\/lapiseira-tris-college-2-0mm\/","title":{"rendered":"Lapiseira &#8211; Tris &#8211; College &#8211; 2.0Mm"},"content":{"rendered":"<p>A lapiseira College possui tra\u00e7o 2.0 que proporciona mais resist\u00eancia na escrita. <Br><br \/>\nEla tem apontador no topo, corpo hexagonal e est\u00e1 dispon\u00edvel em cores past\u00e9is.<br \/>\n<Br><br \/>\nComposi\u00e7\u00e3o: Resinas termopl\u00e1sticas, grafite e metal.<br \/>\n<Br><br \/>\n<Br><br \/>\n* Vendido Individualmente *<br \/>\n<Br><\/p>\n","protected":false},"excerpt":{"rendered":"<p>A lapiseira College possui tra\u00e7o 2.0 que proporciona mais resist\u00eancia na escrita. Ela tem apontador no topo, corpo hexagonal e&hellip;<\/p>\n","protected":false},"featured_media":335210,"comment_status":"open","ping_status":"closed","template":"","meta":[],"product_cat":[276,215],"product_tag":[],"_links":{"self":[{"href":"https:\/\/www.livrariarema.com.br\/loja\/wp-json\/wp\/v2\/product\/197829"}],"collection":[{"href":"https:\/\/www.livrariarema.com.br\/loja\/wp-json\/wp\/v2\/product"}],"about":[{"href":"https:\/\/www.livrariarema.com.br\/loja\/wp-json\/wp\/v2\/types\/product"}],"replies":[{"embeddable":true,"href":"https:\/\/www.livrariarema.com.br\/loja\/wp-json\/wp\/v2\/comments?post=197829"}],"wp:featuredmedia":[{"embeddable":true,"href":"https:\/\/www.livrariarema.com.br\/loja\/wp-json\/wp\/v2\/media\/335210"}],"wp:attachment":[{"href":"https:\/\/www.livrariarema.com.br\/loja\/wp-json\/wp\/v2\/media?parent=197829"}],"wp:term":[{"taxonomy":"product_cat","embeddable":true,"href":"https:\/\/www.livrariarema.com.br\/loja\/wp-json\/wp\/v2\/product_cat?post=197829"},{"taxonomy":"product_tag","embeddable":true,"href":"https:\/\/www.livrariarema.com.br\/loja\/wp-json\/wp\/v2\/product_tag?post=197829"}],"curies":[{"name":"wp","href":"https:\/\/api.w.org\/{rel}","templated":true}]}}