{"id":198277,"date":"2022-11-21T16:49:33","date_gmt":"2022-11-21T19:49:33","guid":{"rendered":"https:\/\/www.livrariarema.com.br\/loja\/produtos\/sem categoria\/devocionais-para-meninas-susana-klassen\/"},"modified":"2026-03-23T10:22:42","modified_gmt":"2026-03-23T13:22:42","slug":"devocionais-para-meninas-susana-klassen","status":"publish","type":"product","link":"https:\/\/www.livrariarema.com.br\/loja\/produtos\/livros\/devocional\/devocionais-para-meninas-susana-klassen\/","title":{"rendered":"Devocionais Para Meninas &#8211; Susana Klassen"},"content":{"rendered":"<p>O bem-estar f\u00edsico \u00e9 um valor muito importante para todos, em especial para voc\u00eas, meninas. Mas \u00e9 importante tamb\u00e9m cuidar da alma. E isso n\u00e3o se faz apenas nos dias em que vamos \u00e0 igreja. A f\u00e9 saud\u00e1vel e forte precisa ser tratada com cuidado e carinho dia ap\u00f3s dia. <\/p>\n<p>Susana Klassen ajudar\u00e1 voc\u00ea a aplicar \u00e0 sua vida espiritual os segredos de sucesso dos atletas: definir objetivos espec\u00edficos para alcan\u00e7ar o alvo maior de sua vida e, no final do ano, avaliar se eles foram cumpridos. A boa not\u00edcia \u00e9 que voc\u00ea n\u00e3o estar\u00e1 sozinha nessa caminhada. Devocionais para meninas traz sugest\u00f5es pr\u00e1ticas, dicas, leituras especiais, e exerc\u00edcios bem maneiros para turbinar seu relacionamento com Deus.<\/p>\n<p>Parece uma tarefa muito importante? Sim, \u00e9 muito importante. Mas n\u00e3o se preocupe, voc\u00ea sempre contar\u00e1 com o aux\u00edlio mais que especial do nosso \u00fanico e verdadeiro Deus.<\/p>\n","protected":false},"excerpt":{"rendered":"<p>O bem-estar f\u00edsico \u00e9 um valor muito importante para todos, em especial para voc\u00eas, meninas. Mas \u00e9 importante tamb\u00e9m cuidar&hellip;<\/p>\n","protected":false},"featured_media":344250,"comment_status":"open","ping_status":"closed","template":"","meta":[],"product_cat":[158,134],"product_tag":[],"_links":{"self":[{"href":"https:\/\/www.livrariarema.com.br\/loja\/wp-json\/wp\/v2\/product\/198277"}],"collection":[{"href":"https:\/\/www.livrariarema.com.br\/loja\/wp-json\/wp\/v2\/product"}],"about":[{"href":"https:\/\/www.livrariarema.com.br\/loja\/wp-json\/wp\/v2\/types\/product"}],"replies":[{"embeddable":true,"href":"https:\/\/www.livrariarema.com.br\/loja\/wp-json\/wp\/v2\/comments?post=198277"}],"wp:featuredmedia":[{"embeddable":true,"href":"https:\/\/www.livrariarema.com.br\/loja\/wp-json\/wp\/v2\/media\/344250"}],"wp:attachment":[{"href":"https:\/\/www.livrariarema.com.br\/loja\/wp-json\/wp\/v2\/media?parent=198277"}],"wp:term":[{"taxonomy":"product_cat","embeddable":true,"href":"https:\/\/www.livrariarema.com.br\/loja\/wp-json\/wp\/v2\/product_cat?post=198277"},{"taxonomy":"product_tag","embeddable":true,"href":"https:\/\/www.livrariarema.com.br\/loja\/wp-json\/wp\/v2\/product_tag?post=198277"}],"curies":[{"name":"wp","href":"https:\/\/api.w.org\/{rel}","templated":true}]}}