{"id":198285,"date":"2022-11-21T16:49:52","date_gmt":"2022-11-21T19:49:52","guid":{"rendered":"https:\/\/www.livrariarema.com.br\/loja\/produtos\/sem categoria\/batalha-de-todo-homem-a-fred-stoeker-e-stephen-arterburn\/"},"modified":"2025-11-05T11:41:16","modified_gmt":"2025-11-05T14:41:16","slug":"batalha-de-todo-homem-a-fred-stoeker-e-stephen-arterburn","status":"publish","type":"product","link":"https:\/\/www.livrariarema.com.br\/loja\/produtos\/livros\/homem\/batalha-de-todo-homem-a-fred-stoeker-e-stephen-arterburn\/","title":{"rendered":"Batalha De Todo Homem, A &#8211; Fred Stoeker E Stephen Arterburn"},"content":{"rendered":"<p>Sucesso incontest\u00e1vel, o livro A batalha de todo homem chega ao seu 20\u00ba anivers\u00e1rio com uma nova edi\u00e7\u00e3o revisada e atualizada, para dar aos homens uma estrat\u00e9gia eficaz que os ajude a permanecer fortes diante de todo apelo sexual, especialmente na era da Internet.<br \/>\nNa obra, Stephen Arterburn e Fred Stoeker abordam as diferentes tenta\u00e7\u00f5es a que os homens est\u00e3o sujeitos e compartilham descobertas recentes na intersec\u00e7\u00e3o entre ci\u00eancia do c\u00e9rebro e sexualidade, mostrando n\u00e3o apenas a \u00e1rdua batalha que os homens t\u00eam de travar, mas os recursos que eles podem implementar para resistirem \u00e0s tenta\u00e7\u00f5es.<br \/>\nA batalha de todo homem \u00e9 um livro que exp\u00f5e, analisa e esclarece quest\u00f5es de uma guerra real e dif\u00edcil para homens de diferentes idades, por isso \u00e9 transparente, sem meias palavras, de modo que o leitor n\u00e3o apenas mapeie o campo minado, mas saiba que n\u00e3o est\u00e1 sozinho nessa luta que deve e pode ser vencida.<br \/>\nTrata-se de uma fonte de esperan\u00e7a e encorajamento para quem deseja ser sexualmente \u00edntegro e emocionalmente saud\u00e1vel.<\/p>\n","protected":false},"excerpt":{"rendered":"<p>Sucesso incontest\u00e1vel, o livro A batalha de todo homem chega ao seu 20\u00ba anivers\u00e1rio com uma nova edi\u00e7\u00e3o revisada e&hellip;<\/p>\n","protected":false},"featured_media":328064,"comment_status":"open","ping_status":"closed","template":"","meta":[],"product_cat":[152,134],"product_tag":[],"_links":{"self":[{"href":"https:\/\/www.livrariarema.com.br\/loja\/wp-json\/wp\/v2\/product\/198285"}],"collection":[{"href":"https:\/\/www.livrariarema.com.br\/loja\/wp-json\/wp\/v2\/product"}],"about":[{"href":"https:\/\/www.livrariarema.com.br\/loja\/wp-json\/wp\/v2\/types\/product"}],"replies":[{"embeddable":true,"href":"https:\/\/www.livrariarema.com.br\/loja\/wp-json\/wp\/v2\/comments?post=198285"}],"wp:featuredmedia":[{"embeddable":true,"href":"https:\/\/www.livrariarema.com.br\/loja\/wp-json\/wp\/v2\/media\/328064"}],"wp:attachment":[{"href":"https:\/\/www.livrariarema.com.br\/loja\/wp-json\/wp\/v2\/media?parent=198285"}],"wp:term":[{"taxonomy":"product_cat","embeddable":true,"href":"https:\/\/www.livrariarema.com.br\/loja\/wp-json\/wp\/v2\/product_cat?post=198285"},{"taxonomy":"product_tag","embeddable":true,"href":"https:\/\/www.livrariarema.com.br\/loja\/wp-json\/wp\/v2\/product_tag?post=198285"}],"curies":[{"name":"wp","href":"https:\/\/api.w.org\/{rel}","templated":true}]}}