{"id":198562,"date":"2022-11-23T12:07:25","date_gmt":"2022-11-23T15:07:25","guid":{"rendered":"https:\/\/www.livrariarema.com.br\/loja\/produtos\/sem%20categoria\/arvore-e-folha-j-r-r-tolkien\/"},"modified":"2026-01-28T15:00:51","modified_gmt":"2026-01-28T18:00:51","slug":"arvore-e-folha-j-r-r-tolkien","status":"publish","type":"product","link":"https:\/\/www.livrariarema.com.br\/loja\/produtos\/livros\/ficcao\/arvore-e-folha-j-r-r-tolkien\/","title":{"rendered":"\u00c1rvore E Folha &#8211; J. R. R. Tolkien"},"content":{"rendered":"<p>Apesar de ser universalmente conhecido pelo seu magnum opus, O Senhor dos An\u00e9is, J.R.R. Tolkien deixou um legado liter\u00e1rio que vai muito al\u00e9m da Terra-m\u00e9dia. <br \/>\n\u00c1rvore e Folha \u00e9 uma ecl\u00e9tica, provocativa e instigante compila\u00e7\u00e3o de quatro trabalhos que refletem a diversidade da imagina\u00e7\u00e3o de Tolkien, seu profundo conhecimento da hist\u00f3ria inglesa e a amplitude de seu talento como criador de fic\u00e7\u00f5es modernas. <br \/>\nA obra une de maneira m\u00e1gica uma palestra, um conto, um poema m\u00edtico e outro de cunho hist\u00f3rico e reflexivo. <br \/>\nO livro inicia-se com o ensaio &#8220;Sobre Est\u00f3rias de Fadas&#8221;, fruto da pauta de uma palestra ministrada pelo Professor em 1938, ainda com o cheiro da tinta de O Hobbit nas m\u00e3os. <br \/>\nO texto discorre brilhantemente sobre o Reino Perigoso das Fadas (Elfos), suas caracter\u00edsticas e o mais importante: sua import\u00e2ncia para os adultos.Em o conto &#8220;Folha de Cisco&#8221; vemos Tolkien pintando um autorretrato de sua vida como escritor e artista na busca inating\u00edvel pela perfei\u00e7\u00e3o em seus trabalhos. O tom, inicialmente suave, vai ganhando cores mais fortes com o aprofundamento psicol\u00f3gico e biogr\u00e1fico da narrativa.<br \/>\nNa on\u00edrica poesia &#8220;Mitopeia&#8221;, sua paix\u00e3o pelos mitos mistura realidade e fantasia ao ecoar uma famosa conversa com C.S. Lewis, que acabou por levar o amigo de volta ao Cristianismo.&#8221;<br \/>\nO Retorno de Beorhtnoth&#8221; traz a faceta mais acad\u00eamica e erudita do Tolkien. O poema faz uma brilhante conex\u00e3o hist\u00f3rica com o antigo evento ingl\u00eas de a Batalha de Maldon. <br \/>\nUma reflex\u00e3o sobre soberba e hero\u00edsmo contada a partir de um di\u00e1logo dram\u00e1tico entre dois homens em um cen\u00e1rio de guerra.<br \/>\n\u00c1rvore e Folha deixar\u00e1 os leitores \u00e1vidos por absorver tudo aquilo que as palavras desenham a cada nova paisagem, passagem, imagem e viagem.<\/p>\n","protected":false},"excerpt":{"rendered":"<p>Apesar de ser universalmente conhecido pelo seu magnum opus, O Senhor dos An\u00e9is, J.R.R. Tolkien deixou um legado liter\u00e1rio que&hellip;<\/p>\n","protected":false},"featured_media":343393,"comment_status":"open","ping_status":"closed","template":"","meta":[],"product_cat":[162,134],"product_tag":[],"_links":{"self":[{"href":"https:\/\/www.livrariarema.com.br\/loja\/wp-json\/wp\/v2\/product\/198562"}],"collection":[{"href":"https:\/\/www.livrariarema.com.br\/loja\/wp-json\/wp\/v2\/product"}],"about":[{"href":"https:\/\/www.livrariarema.com.br\/loja\/wp-json\/wp\/v2\/types\/product"}],"replies":[{"embeddable":true,"href":"https:\/\/www.livrariarema.com.br\/loja\/wp-json\/wp\/v2\/comments?post=198562"}],"wp:featuredmedia":[{"embeddable":true,"href":"https:\/\/www.livrariarema.com.br\/loja\/wp-json\/wp\/v2\/media\/343393"}],"wp:attachment":[{"href":"https:\/\/www.livrariarema.com.br\/loja\/wp-json\/wp\/v2\/media?parent=198562"}],"wp:term":[{"taxonomy":"product_cat","embeddable":true,"href":"https:\/\/www.livrariarema.com.br\/loja\/wp-json\/wp\/v2\/product_cat?post=198562"},{"taxonomy":"product_tag","embeddable":true,"href":"https:\/\/www.livrariarema.com.br\/loja\/wp-json\/wp\/v2\/product_tag?post=198562"}],"curies":[{"name":"wp","href":"https:\/\/api.w.org\/{rel}","templated":true}]}}