{"id":198567,"date":"2022-11-23T12:07:41","date_gmt":"2022-11-23T15:07:41","guid":{"rendered":"https:\/\/www.livrariarema.com.br\/loja\/produtos\/sem%20categoria\/beren-e-luthien-j-r-r-tolkien\/"},"modified":"2026-04-14T12:34:07","modified_gmt":"2026-04-14T15:34:07","slug":"beren-e-luthien-j-r-r-tolkien","status":"publish","type":"product","link":"https:\/\/www.livrariarema.com.br\/loja\/produtos\/livros\/ficcao\/beren-e-luthien-j-r-r-tolkien\/","title":{"rendered":"Beren E L\u00fathien &#8211; J. R. R. Tolkien"},"content":{"rendered":"<p>O destino de dois amantes Beren e L\u00fathien, um homem mortal e uma elfo imortal que, juntos, tentam roubar uma Silmarilao mais poderoso de todos os representantes do mal: Melkor. <\/p>\n<p>A hist\u00f3ria de Beren e L\u00fathien foi ou tornou-se um elemento fundamental na evolu\u00e7\u00e3o de O &#8220;Silmarillion&#8221;, conjunto de mitos e lendas da Primeira Era do Mundo concebidos por J.R.R. Tolkien. Tendo regressado de Fran\u00e7a, onde combateu na Batalha do Somme, no fim de 1916, Tolkien escreveria este conto no ano seguinte. <\/p>\n<p>Essencial na hist\u00f3ria, e nunca modificado, \u00e9 o destino que ensombra o amor de Beren e L\u00fathien: porque Beren \u00e9 um homem mortal, mas L\u00fathien uma donzela \u00e9lfica imortal. O pai dela, um grande senhor dos Elfos, em franca oposi\u00e7\u00e3o a Beren, imp\u00f5e-lhe uma miss\u00e3o imposs\u00edvel, que ter\u00e1 de concretizar antes de poder casar-se com a sua filha. \u00c9 este o cerne da lenda; e conduzir\u00e1 \u00e0 tentativa her\u00f3ica de Beren e L\u00fathien de, juntos, roubarem uma Silmaril ao mais poderoso de todos os representantes do mal: Melkor. <\/p>\n<p>Uma obra fundamental para os amantes de Tolkien e de literatura fant\u00e1stica e que nenhum f\u00e3 da Terra M\u00e9dia pode perder!<\/p>\n","protected":false},"excerpt":{"rendered":"<p>O destino de dois amantes Beren e L\u00fathien, um homem mortal e uma elfo imortal que, juntos, tentam roubar uma&hellip;<\/p>\n","protected":false},"featured_media":347005,"comment_status":"open","ping_status":"closed","template":"","meta":[],"product_cat":[162,134],"product_tag":[],"_links":{"self":[{"href":"https:\/\/www.livrariarema.com.br\/loja\/wp-json\/wp\/v2\/product\/198567"}],"collection":[{"href":"https:\/\/www.livrariarema.com.br\/loja\/wp-json\/wp\/v2\/product"}],"about":[{"href":"https:\/\/www.livrariarema.com.br\/loja\/wp-json\/wp\/v2\/types\/product"}],"replies":[{"embeddable":true,"href":"https:\/\/www.livrariarema.com.br\/loja\/wp-json\/wp\/v2\/comments?post=198567"}],"wp:featuredmedia":[{"embeddable":true,"href":"https:\/\/www.livrariarema.com.br\/loja\/wp-json\/wp\/v2\/media\/347005"}],"wp:attachment":[{"href":"https:\/\/www.livrariarema.com.br\/loja\/wp-json\/wp\/v2\/media?parent=198567"}],"wp:term":[{"taxonomy":"product_cat","embeddable":true,"href":"https:\/\/www.livrariarema.com.br\/loja\/wp-json\/wp\/v2\/product_cat?post=198567"},{"taxonomy":"product_tag","embeddable":true,"href":"https:\/\/www.livrariarema.com.br\/loja\/wp-json\/wp\/v2\/product_tag?post=198567"}],"curies":[{"name":"wp","href":"https:\/\/api.w.org\/{rel}","templated":true}]}}