{"id":198570,"date":"2022-11-23T12:07:50","date_gmt":"2022-11-23T15:07:50","guid":{"rendered":"https:\/\/www.livrariarema.com.br\/loja\/produtos\/sem categoria\/filhos-de-hurin-os-j-r-r-tolkien\/"},"modified":"2026-04-15T17:11:19","modified_gmt":"2026-04-15T20:11:19","slug":"filhos-de-hurin-os-j-r-r-tolkien","status":"publish","type":"product","link":"https:\/\/www.livrariarema.com.br\/loja\/produtos\/livros\/ficcao\/filhos-de-hurin-os-j-r-r-tolkien\/","title":{"rendered":"Filhos De H\u00farin, Os &#8211; J. R. R. Tolkien"},"content":{"rendered":"<p>Depois da publica\u00e7\u00e3o de O Silmarillion, Os Filhos de H\u00farin \u00e9 o trabalho seguinte de Christopher Tolkien como editor e curador dos manuscritos de seu pai, J.R.R. Tolkien.  O livro \u00e9 o terceiro dos Tr\u00eas Grandes Contos dos Dias Antigos e, assim como A Queda de Gondolin e Beren e L\u00fathien, conta com ilustra\u00e7\u00f5es de Alan Lee.<\/p>\n<p>Seis mil anos antes de o Um Anel ser destru\u00eddo, a Terra-m\u00e9dia \u00e9 assombrada por Morgoth, o Primeiro Senhor Sombrio, senhor e mestre de Sauron. H\u00farin, um poderoso guerreiro da ra\u00e7a humana se recusa a trair os Elfos e, por isso, ele e sua fam\u00edlia s\u00e3o amaldi\u00e7oados. Assim, os destinos de T\u00farin e de sua irm\u00e3 Ni\u00ebnor s\u00e3o tragicamente entrela\u00e7ados.<\/p>\n<p>Em tom \u00e9pico e tr\u00e1gico, a narrativa foi inspirada nas mitologias grega, finlandesa e escandinava. Seus personagens, reconhecivelmente humanos, seguem determinados a resistir, mesmo sem a menor esperan\u00e7a de triunfar.<\/p>\n","protected":false},"excerpt":{"rendered":"<p>Depois da publica\u00e7\u00e3o de O Silmarillion, Os Filhos de H\u00farin \u00e9 o trabalho seguinte de Christopher Tolkien como editor e&hellip;<\/p>\n","protected":false},"featured_media":347028,"comment_status":"open","ping_status":"closed","template":"","meta":[],"product_cat":[162,134],"product_tag":[],"_links":{"self":[{"href":"https:\/\/www.livrariarema.com.br\/loja\/wp-json\/wp\/v2\/product\/198570"}],"collection":[{"href":"https:\/\/www.livrariarema.com.br\/loja\/wp-json\/wp\/v2\/product"}],"about":[{"href":"https:\/\/www.livrariarema.com.br\/loja\/wp-json\/wp\/v2\/types\/product"}],"replies":[{"embeddable":true,"href":"https:\/\/www.livrariarema.com.br\/loja\/wp-json\/wp\/v2\/comments?post=198570"}],"wp:featuredmedia":[{"embeddable":true,"href":"https:\/\/www.livrariarema.com.br\/loja\/wp-json\/wp\/v2\/media\/347028"}],"wp:attachment":[{"href":"https:\/\/www.livrariarema.com.br\/loja\/wp-json\/wp\/v2\/media?parent=198570"}],"wp:term":[{"taxonomy":"product_cat","embeddable":true,"href":"https:\/\/www.livrariarema.com.br\/loja\/wp-json\/wp\/v2\/product_cat?post=198570"},{"taxonomy":"product_tag","embeddable":true,"href":"https:\/\/www.livrariarema.com.br\/loja\/wp-json\/wp\/v2\/product_tag?post=198570"}],"curies":[{"name":"wp","href":"https:\/\/api.w.org\/{rel}","templated":true}]}}